{"id":1627,"date":"2023-09-27T21:35:50","date_gmt":"2023-09-27T17:35:50","guid":{"rendered":"https:\/\/www.viavilla.mu\/?page_id=1627"},"modified":"2023-10-01T21:01:57","modified_gmt":"2023-10-01T17:01:57","slug":"politique-de-confidentialite","status":"publish","type":"page","link":"https:\/\/www.viavilla.mu\/fr\/politique-de-confidentialite\/","title":{"rendered":"Politique de confidentialit\u00e9"},"content":{"rendered":"\t\t<div data-elementor-type=\"wp-page\" data-elementor-id=\"1627\" class=\"elementor elementor-1627 elementor-1396\" data-elementor-post-type=\"page\">\n\t\t\t\t\t\t<section data-dce-background-overlay-color=\"#232323\" data-dce-background-image-url=\"https:\/\/www.viavilla.mu\/wp-content\/uploads\/2023\/09\/luca-bravo-210213-unsplash-scaled.jpg\" class=\"elementor-section elementor-top-section elementor-element elementor-element-1e711c1 elementor-section-height-min-height elementor-section-stretched elementor-section-boxed elementor-section-height-default elementor-section-items-middle\" data-id=\"1e711c1\" data-element_type=\"section\" data-settings=\"{&quot;background_background&quot;:&quot;classic&quot;,&quot;stretch_section&quot;:&quot;section-stretched&quot;}\">\n\t\t\t\t\t\t\t<div class=\"elementor-background-overlay\"><\/div>\n\t\t\t\t\t\t\t<div class=\"elementor-container elementor-column-gap-default\">\n\t\t\t\t\t<div class=\"elementor-column elementor-col-100 elementor-top-column elementor-element elementor-element-ec0c521\" data-id=\"ec0c521\" data-element_type=\"column\">\n\t\t\t<div class=\"elementor-widget-wrap elementor-element-populated\">\n\t\t\t\t\t\t<div class=\"elementor-element elementor-element-c9ffd79 elementor-invisible elementor-widget elementor-widget-heading\" data-id=\"c9ffd79\" data-element_type=\"widget\" data-settings=\"{&quot;_animation&quot;:&quot;fadeInUp&quot;}\" data-widget_type=\"heading.default\">\n\t\t\t\t<div class=\"elementor-widget-container\">\n\t\t\t<h1 class=\"elementor-heading-title elementor-size-default\">Politique de confidentialit\u00e9<\/h1>\t\t<\/div>\n\t\t\t\t<\/div>\n\t\t\t\t\t<\/div>\n\t\t<\/div>\n\t\t\t\t\t<\/div>\n\t\t<\/section>\n\t\t\t\t<section class=\"elementor-section elementor-top-section elementor-element elementor-element-50d8d1a elementor-section-boxed elementor-section-height-default elementor-section-height-default\" data-id=\"50d8d1a\" data-element_type=\"section\">\n\t\t\t\t\t\t<div class=\"elementor-container elementor-column-gap-default\">\n\t\t\t\t\t<div class=\"elementor-column elementor-col-100 elementor-top-column elementor-element elementor-element-066fe7c\" data-id=\"066fe7c\" data-element_type=\"column\">\n\t\t\t<div class=\"elementor-widget-wrap elementor-element-populated\">\n\t\t\t\t\t\t<div class=\"elementor-element elementor-element-c443e25 elementor-invisible elementor-widget elementor-widget-text-editor\" data-id=\"c443e25\" data-element_type=\"widget\" data-settings=\"{&quot;_animation&quot;:&quot;fadeInUp&quot;}\" data-widget_type=\"text-editor.default\">\n\t\t\t\t<div class=\"elementor-widget-container\">\n\t\t\t\t\t\t\t<p>Chez ViaVilla Staystyle Ltd, nous attachons une grande importance \u00e0 la protection de votre vie priv\u00e9e. Cette politique de confidentialit\u00e9 d\u00e9crit le type d&rsquo;informations que nous recueillons g\u00e9n\u00e9ralement sur notre site web et dans nos communications en ligne, ainsi que la mani\u00e8re dont nous pouvons utiliser ces informations.<\/p><p>Nous sommes tout \u00e0 fait conscients de vos pr\u00e9occupations concernant la confidentialit\u00e9 de vos informations et nous n&rsquo;avons ni le d\u00e9sir ni l&rsquo;intention de porter atteinte \u00e0 votre vie priv\u00e9e. Nous ne fournirons vos informations personnelles \u00e0 personne d&rsquo;autre.<\/p><p>Lorsque vous fournissez des informations personnelles telles que votre nom, votre adresse, votre adresse \u00e9lectronique et votre num\u00e9ro de t\u00e9l\u00e9phone, nous ne donnons ni ne vendons ces informations \u00e0 aucune entreprise ext\u00e9rieure pour quelque usage que ce soit. Il peut \u00e9galement vous \u00eatre demand\u00e9 si vous souhaitez fournir des informations suppl\u00e9mentaires qui seront recueillies au moyen d&rsquo;un \u00ab\u00a0cookie\u00a0\u00bb ou d&rsquo;un fichier similaire. Votre accord et la fourniture d&rsquo;informations sont totalement volontaires.<\/p><p>Les cookies peuvent collecter automatiquement certaines informations non personnelles telles que le type de navigateur ou de syst\u00e8me d&rsquo;exploitation que vous utilisez. La plupart des navigateurs vous permettent de supprimer l&rsquo;historique des cookies de votre historique de navigation.<\/p><p>Toutes les informations collect\u00e9es ou fournies par vous seront gard\u00e9es strictement confidentielles et ne seront utilis\u00e9es que pour soutenir votre relation client avec nous. Nous avons mis en place des mesures de s\u00e9curit\u00e9 appropri\u00e9es pour prot\u00e9ger contre la perte, l&rsquo;utilisation abusive ou l&rsquo;alt\u00e9ration des informations que nous avons recueillies aupr\u00e8s de vous par le biais de notre site.<\/p>\t\t\t\t\t\t<\/div>\n\t\t\t\t<\/div>\n\t\t\t\t\t<\/div>\n\t\t<\/div>\n\t\t\t\t\t<\/div>\n\t\t<\/section>\n\t\t\t\t<section class=\"elementor-section elementor-top-section elementor-element elementor-element-cef6b1d elementor-section-boxed elementor-section-height-default elementor-section-height-default\" data-id=\"cef6b1d\" data-element_type=\"section\">\n\t\t\t\t\t\t<div class=\"elementor-container elementor-column-gap-default\">\n\t\t\t\t\t<div class=\"elementor-column elementor-col-100 elementor-top-column elementor-element elementor-element-fb082d1\" data-id=\"fb082d1\" data-element_type=\"column\">\n\t\t\t<div class=\"elementor-widget-wrap elementor-element-populated\">\n\t\t\t\t\t\t<div class=\"elementor-element elementor-element-e0108da elementor-invisible elementor-widget elementor-widget-heading\" data-id=\"e0108da\" data-element_type=\"widget\" data-settings=\"{&quot;_animation&quot;:&quot;fadeInUp&quot;}\" data-widget_type=\"heading.default\">\n\t\t\t\t<div class=\"elementor-widget-container\">\n\t\t\t<h4 class=\"elementor-heading-title elementor-size-default\">Contactez nous<\/h4>\t\t<\/div>\n\t\t\t\t<\/div>\n\t\t\t\t<div class=\"elementor-element elementor-element-ccf965a elementor-invisible elementor-widget elementor-widget-heading\" data-id=\"ccf965a\" data-element_type=\"widget\" data-settings=\"{&quot;_animation&quot;:&quot;fadeInUp&quot;}\" data-widget_type=\"heading.default\">\n\t\t\t\t<div class=\"elementor-widget-container\">\n\t\t\t<h4 class=\"elementor-heading-title elementor-size-default\">POUR PLUS D'INFORMATIONS<br> SUR VOTRE LOCATION DE VACANCES \u00c0 L'\u00cele Maurice<\/h4>\t\t<\/div>\n\t\t\t\t<\/div>\n\t\t\t\t<div class=\"elementor-element elementor-element-ade8c10 elementor-view-default elementor-invisible elementor-widget elementor-widget-icon\" data-id=\"ade8c10\" data-element_type=\"widget\" data-settings=\"{&quot;_animation&quot;:&quot;fadeInUp&quot;}\" data-widget_type=\"icon.default\">\n\t\t\t\t<div class=\"elementor-widget-container\">\n\t\t\t\t\t<div class=\"elementor-icon-wrapper\">\n\t\t\t<a class=\"elementor-icon\" href=\"\/fr\/contact#contactform\">\n\t\t\t<i aria-hidden=\"true\" class=\"far fa-envelope\"><\/i>\t\t\t<\/a>\n\t\t<\/div>\n\t\t\t\t<\/div>\n\t\t\t\t<\/div>\n\t\t\t\t\t<\/div>\n\t\t<\/div>\n\t\t\t\t\t<\/div>\n\t\t<\/section>\n\t\t\t\t<\/div>\n\t\t","protected":false},"excerpt":{"rendered":"<p>Chez ViaVilla Staystyle Ltd, nous attachons une grande importance \u00e0 la protection de votre vie priv\u00e9e. Cette politique de confidentialit\u00e9 d\u00e9crit le type d&rsquo;informations que nous recueillons g\u00e9n\u00e9ralement sur notre site web et dans nos communications en ligne, ainsi que la mani\u00e8re dont nous pouvons utiliser ces informations. Nous sommes tout \u00e0 fait conscients de [&hellip;]<\/p>\n","protected":false},"author":1,"featured_media":0,"parent":0,"menu_order":0,"comment_status":"closed","ping_status":"closed","template":"elementor_header_footer","meta":{"_acf_changed":false,"footnotes":""},"class_list":["post-1627","page","type-page","status-publish","hentry"],"acf":[],"yoast_head":"<!-- This site is optimized with the Yoast SEO plugin v22.4 - https:\/\/yoast.com\/wordpress\/plugins\/seo\/ -->\n<title>Politique de confidentialit\u00e9 - ViaVilla<\/title>\n<meta name=\"robots\" content=\"index, follow, max-snippet:-1, max-image-preview:large, max-video-preview:-1\" \/>\n<link rel=\"canonical\" href=\"https:\/\/www.viavilla.mu\/fr\/politique-de-confidentialite\/\" \/>\n<meta property=\"og:locale\" content=\"fr_FR\" \/>\n<meta property=\"og:type\" content=\"article\" \/>\n<meta property=\"og:title\" content=\"Politique de confidentialit\u00e9 - ViaVilla\" \/>\n<meta property=\"og:description\" content=\"Chez ViaVilla Staystyle Ltd, nous attachons une grande importance \u00e0 la protection de votre vie priv\u00e9e. Cette politique de confidentialit\u00e9 d\u00e9crit le type d&rsquo;informations que nous recueillons g\u00e9n\u00e9ralement sur notre site web et dans nos communications en ligne, ainsi que la mani\u00e8re dont nous pouvons utiliser ces informations. Nous sommes tout \u00e0 fait conscients de [&hellip;]\" \/>\n<meta property=\"og:url\" content=\"https:\/\/www.viavilla.mu\/fr\/politique-de-confidentialite\/\" \/>\n<meta property=\"og:site_name\" content=\"ViaVilla\" \/>\n<meta property=\"article:publisher\" content=\"https:\/\/www.facebook.com\/profile.php?id=61551384764422\" \/>\n<meta property=\"article:modified_time\" content=\"2023-10-01T17:01:57+00:00\" \/>\n<meta property=\"og:image\" content=\"https:\/\/www.viavilla.mu\/wp-content\/uploads\/2023\/09\/logo_VIAVILLA-01.png\" \/>\n\t<meta property=\"og:image:width\" content=\"1080\" \/>\n\t<meta property=\"og:image:height\" content=\"790\" \/>\n\t<meta property=\"og:image:type\" content=\"image\/png\" \/>\n<meta name=\"twitter:card\" content=\"summary_large_image\" \/>\n<meta name=\"twitter:label1\" content=\"Dur\u00e9e de lecture estim\u00e9e\" \/>\n\t<meta name=\"twitter:data1\" content=\"2 minutes\" \/>\n<script type=\"application\/ld+json\" class=\"yoast-schema-graph\">{\"@context\":\"https:\/\/schema.org\",\"@graph\":[{\"@type\":\"WebPage\",\"@id\":\"https:\/\/www.viavilla.mu\/fr\/politique-de-confidentialite\/\",\"url\":\"https:\/\/www.viavilla.mu\/fr\/politique-de-confidentialite\/\",\"name\":\"Politique de confidentialit\u00e9 - ViaVilla\",\"isPartOf\":{\"@id\":\"https:\/\/www.viavilla.mu\/fr\/#website\"},\"datePublished\":\"2023-09-27T17:35:50+00:00\",\"dateModified\":\"2023-10-01T17:01:57+00:00\",\"breadcrumb\":{\"@id\":\"https:\/\/www.viavilla.mu\/fr\/politique-de-confidentialite\/#breadcrumb\"},\"inLanguage\":\"fr-FR\",\"potentialAction\":[{\"@type\":\"ReadAction\",\"target\":[\"https:\/\/www.viavilla.mu\/fr\/politique-de-confidentialite\/\"]}]},{\"@type\":\"BreadcrumbList\",\"@id\":\"https:\/\/www.viavilla.mu\/fr\/politique-de-confidentialite\/#breadcrumb\",\"itemListElement\":[{\"@type\":\"ListItem\",\"position\":1,\"name\":\"Home\",\"item\":\"https:\/\/www.viavilla.mu\/fr\/\"},{\"@type\":\"ListItem\",\"position\":2,\"name\":\"Politique de confidentialit\u00e9\"}]},{\"@type\":\"WebSite\",\"@id\":\"https:\/\/www.viavilla.mu\/fr\/#website\",\"url\":\"https:\/\/www.viavilla.mu\/fr\/\",\"name\":\"ViaVilla\",\"description\":\"Crafting Your Dream Staystyle\",\"publisher\":{\"@id\":\"https:\/\/www.viavilla.mu\/fr\/#organization\"},\"potentialAction\":[{\"@type\":\"SearchAction\",\"target\":{\"@type\":\"EntryPoint\",\"urlTemplate\":\"https:\/\/www.viavilla.mu\/fr\/?s={search_term_string}\"},\"query-input\":\"required name=search_term_string\"}],\"inLanguage\":\"fr-FR\"},{\"@type\":\"Organization\",\"@id\":\"https:\/\/www.viavilla.mu\/fr\/#organization\",\"name\":\"ViaVilla\",\"url\":\"https:\/\/www.viavilla.mu\/fr\/\",\"logo\":{\"@type\":\"ImageObject\",\"inLanguage\":\"fr-FR\",\"@id\":\"https:\/\/www.viavilla.mu\/fr\/#\/schema\/logo\/image\/\",\"url\":\"https:\/\/www.viavilla.mu\/wp-content\/uploads\/2023\/09\/logo_VIAVILLA-01.png\",\"contentUrl\":\"https:\/\/www.viavilla.mu\/wp-content\/uploads\/2023\/09\/logo_VIAVILLA-01.png\",\"width\":1080,\"height\":790,\"caption\":\"ViaVilla\"},\"image\":{\"@id\":\"https:\/\/www.viavilla.mu\/fr\/#\/schema\/logo\/image\/\"},\"sameAs\":[\"https:\/\/www.facebook.com\/profile.php?id=61551384764422\",\"https:\/\/www.instagram.com\/viavilla1\/\"]}]}<\/script>\n<!-- \/ Yoast SEO plugin. -->","yoast_head_json":{"title":"Politique de confidentialit\u00e9 - ViaVilla","robots":{"index":"index","follow":"follow","max-snippet":"max-snippet:-1","max-image-preview":"max-image-preview:large","max-video-preview":"max-video-preview:-1"},"canonical":"https:\/\/www.viavilla.mu\/fr\/politique-de-confidentialite\/","og_locale":"fr_FR","og_type":"article","og_title":"Politique de confidentialit\u00e9 - ViaVilla","og_description":"Chez ViaVilla Staystyle Ltd, nous attachons une grande importance \u00e0 la protection de votre vie priv\u00e9e. Cette politique de confidentialit\u00e9 d\u00e9crit le type d&rsquo;informations que nous recueillons g\u00e9n\u00e9ralement sur notre site web et dans nos communications en ligne, ainsi que la mani\u00e8re dont nous pouvons utiliser ces informations. Nous sommes tout \u00e0 fait conscients de [&hellip;]","og_url":"https:\/\/www.viavilla.mu\/fr\/politique-de-confidentialite\/","og_site_name":"ViaVilla","article_publisher":"https:\/\/www.facebook.com\/profile.php?id=61551384764422","article_modified_time":"2023-10-01T17:01:57+00:00","og_image":[{"width":1080,"height":790,"url":"https:\/\/www.viavilla.mu\/wp-content\/uploads\/2023\/09\/logo_VIAVILLA-01.png","type":"image\/png"}],"twitter_card":"summary_large_image","twitter_misc":{"Dur\u00e9e de lecture estim\u00e9e":"2 minutes"},"schema":{"@context":"https:\/\/schema.org","@graph":[{"@type":"WebPage","@id":"https:\/\/www.viavilla.mu\/fr\/politique-de-confidentialite\/","url":"https:\/\/www.viavilla.mu\/fr\/politique-de-confidentialite\/","name":"Politique de confidentialit\u00e9 - ViaVilla","isPartOf":{"@id":"https:\/\/www.viavilla.mu\/fr\/#website"},"datePublished":"2023-09-27T17:35:50+00:00","dateModified":"2023-10-01T17:01:57+00:00","breadcrumb":{"@id":"https:\/\/www.viavilla.mu\/fr\/politique-de-confidentialite\/#breadcrumb"},"inLanguage":"fr-FR","potentialAction":[{"@type":"ReadAction","target":["https:\/\/www.viavilla.mu\/fr\/politique-de-confidentialite\/"]}]},{"@type":"BreadcrumbList","@id":"https:\/\/www.viavilla.mu\/fr\/politique-de-confidentialite\/#breadcrumb","itemListElement":[{"@type":"ListItem","position":1,"name":"Home","item":"https:\/\/www.viavilla.mu\/fr\/"},{"@type":"ListItem","position":2,"name":"Politique de confidentialit\u00e9"}]},{"@type":"WebSite","@id":"https:\/\/www.viavilla.mu\/fr\/#website","url":"https:\/\/www.viavilla.mu\/fr\/","name":"ViaVilla","description":"Crafting Your Dream Staystyle","publisher":{"@id":"https:\/\/www.viavilla.mu\/fr\/#organization"},"potentialAction":[{"@type":"SearchAction","target":{"@type":"EntryPoint","urlTemplate":"https:\/\/www.viavilla.mu\/fr\/?s={search_term_string}"},"query-input":"required name=search_term_string"}],"inLanguage":"fr-FR"},{"@type":"Organization","@id":"https:\/\/www.viavilla.mu\/fr\/#organization","name":"ViaVilla","url":"https:\/\/www.viavilla.mu\/fr\/","logo":{"@type":"ImageObject","inLanguage":"fr-FR","@id":"https:\/\/www.viavilla.mu\/fr\/#\/schema\/logo\/image\/","url":"https:\/\/www.viavilla.mu\/wp-content\/uploads\/2023\/09\/logo_VIAVILLA-01.png","contentUrl":"https:\/\/www.viavilla.mu\/wp-content\/uploads\/2023\/09\/logo_VIAVILLA-01.png","width":1080,"height":790,"caption":"ViaVilla"},"image":{"@id":"https:\/\/www.viavilla.mu\/fr\/#\/schema\/logo\/image\/"},"sameAs":["https:\/\/www.facebook.com\/profile.php?id=61551384764422","https:\/\/www.instagram.com\/viavilla1\/"]}]}},"_links":{"self":[{"href":"https:\/\/www.viavilla.mu\/fr\/wp-json\/wp\/v2\/pages\/1627","targetHints":{"allow":["GET"]}}],"collection":[{"href":"https:\/\/www.viavilla.mu\/fr\/wp-json\/wp\/v2\/pages"}],"about":[{"href":"https:\/\/www.viavilla.mu\/fr\/wp-json\/wp\/v2\/types\/page"}],"author":[{"embeddable":true,"href":"https:\/\/www.viavilla.mu\/fr\/wp-json\/wp\/v2\/users\/1"}],"replies":[{"embeddable":true,"href":"https:\/\/www.viavilla.mu\/fr\/wp-json\/wp\/v2\/comments?post=1627"}],"version-history":[{"count":0,"href":"https:\/\/www.viavilla.mu\/fr\/wp-json\/wp\/v2\/pages\/1627\/revisions"}],"wp:attachment":[{"href":"https:\/\/www.viavilla.mu\/fr\/wp-json\/wp\/v2\/media?parent=1627"}],"curies":[{"name":"wp","href":"https:\/\/api.w.org\/{rel}","templated":true}]}}