{"id":1618,"date":"2023-09-25T23:58:46","date_gmt":"2023-09-25T19:58:46","guid":{"rendered":"https:\/\/www.viavilla.mu\/?page_id=1618"},"modified":"2023-10-02T12:50:51","modified_gmt":"2023-10-02T08:50:51","slug":"experiences","status":"publish","type":"page","link":"https:\/\/www.viavilla.mu\/fr\/experiences\/","title":{"rendered":"Exp\u00e9riences"},"content":{"rendered":"\t\t<div data-elementor-type=\"wp-page\" data-elementor-id=\"1618\" class=\"elementor elementor-1618 elementor-1211\" data-elementor-post-type=\"page\">\n\t\t\t\t\t\t<section data-dce-background-overlay-color=\"#232323\" data-dce-background-image-url=\"https:\/\/www.viavilla.mu\/wp-content\/uploads\/2023\/10\/Page-experiences-header-min-scaled.jpg\" class=\"elementor-section elementor-top-section elementor-element elementor-element-1e711c1 elementor-section-height-min-height elementor-section-stretched elementor-section-boxed elementor-section-height-default elementor-section-items-middle\" data-id=\"1e711c1\" data-element_type=\"section\" data-settings=\"{&quot;background_background&quot;:&quot;classic&quot;,&quot;stretch_section&quot;:&quot;section-stretched&quot;}\">\n\t\t\t\t\t\t\t<div class=\"elementor-background-overlay\"><\/div>\n\t\t\t\t\t\t\t<div class=\"elementor-container elementor-column-gap-default\">\n\t\t\t\t\t<div class=\"elementor-column elementor-col-100 elementor-top-column elementor-element elementor-element-ec0c521\" data-id=\"ec0c521\" data-element_type=\"column\">\n\t\t\t<div class=\"elementor-widget-wrap elementor-element-populated\">\n\t\t\t\t\t\t<div class=\"elementor-element elementor-element-c9ffd79 elementor-invisible elementor-widget elementor-widget-heading\" data-id=\"c9ffd79\" data-element_type=\"widget\" data-settings=\"{&quot;_animation&quot;:&quot;fadeInUp&quot;}\" data-widget_type=\"heading.default\">\n\t\t\t\t<div class=\"elementor-widget-container\">\n\t\t\t<h1 class=\"elementor-heading-title elementor-size-default\">Exp\u00e9riences<\/h1>\t\t<\/div>\n\t\t\t\t<\/div>\n\t\t\t\t\t<\/div>\n\t\t<\/div>\n\t\t\t\t\t<\/div>\n\t\t<\/section>\n\t\t\t\t<section class=\"elementor-section elementor-top-section elementor-element elementor-element-ad736d9 elementor-section-boxed elementor-section-height-default elementor-section-height-default\" data-id=\"ad736d9\" data-element_type=\"section\">\n\t\t\t\t\t\t<div class=\"elementor-container elementor-column-gap-default\">\n\t\t\t\t\t<div class=\"elementor-column elementor-col-100 elementor-top-column elementor-element elementor-element-fdcbea5\" data-id=\"fdcbea5\" data-element_type=\"column\" data-settings=\"{&quot;background_background&quot;:&quot;classic&quot;}\">\n\t\t\t<div class=\"elementor-widget-wrap elementor-element-populated\">\n\t\t\t\t\t\t<div class=\"elementor-element elementor-element-e907613 elementor-invisible elementor-widget elementor-widget-heading\" data-id=\"e907613\" data-element_type=\"widget\" data-settings=\"{&quot;_animation&quot;:&quot;fadeInUp&quot;}\" data-widget_type=\"heading.default\">\n\t\t\t\t<div class=\"elementor-widget-container\">\n\t\t\t<h4 class=\"elementor-heading-title elementor-size-default\">L\u2019\u00eele Maurice est un lieu aux mille merveilles. Laissez-nous vous guider!<\/h4>\t\t<\/div>\n\t\t\t\t<\/div>\n\t\t\t\t\t<\/div>\n\t\t<\/div>\n\t\t\t\t\t<\/div>\n\t\t<\/section>\n\t\t\t\t<section class=\"elementor-section elementor-top-section elementor-element elementor-element-ac2e5b0 elementor-section-height-min-height elementor-section-stretched elementor-section-full_width elementor-section-height-default elementor-section-items-middle\" data-id=\"ac2e5b0\" data-element_type=\"section\" data-settings=\"{&quot;stretch_section&quot;:&quot;section-stretched&quot;}\">\n\t\t\t\t\t\t<div class=\"elementor-container elementor-column-gap-default\">\n\t\t\t\t\t<div class=\"elementor-column elementor-col-100 elementor-top-column elementor-element elementor-element-a16a4e2\" data-id=\"a16a4e2\" data-element_type=\"column\">\n\t\t\t<div class=\"elementor-widget-wrap elementor-element-populated\">\n\t\t\t\t\t\t<div class=\"elementor-element elementor-element-dfc8962 elementor-widget elementor-widget-gallery\" data-id=\"dfc8962\" data-element_type=\"widget\" data-settings=\"{&quot;gallery_layout&quot;:&quot;masonry&quot;,&quot;lazyload&quot;:&quot;yes&quot;,&quot;columns&quot;:4,&quot;columns_tablet&quot;:2,&quot;columns_mobile&quot;:1,&quot;gap&quot;:{&quot;unit&quot;:&quot;px&quot;,&quot;size&quot;:10,&quot;sizes&quot;:[]},&quot;gap_tablet&quot;:{&quot;unit&quot;:&quot;px&quot;,&quot;size&quot;:10,&quot;sizes&quot;:[]},&quot;gap_mobile&quot;:{&quot;unit&quot;:&quot;px&quot;,&quot;size&quot;:10,&quot;sizes&quot;:[]},&quot;link_to&quot;:&quot;file&quot;,&quot;overlay_background&quot;:&quot;yes&quot;,&quot;content_hover_animation&quot;:&quot;fade-in&quot;}\" data-widget_type=\"gallery.default\">\n\t\t\t\t<div class=\"elementor-widget-container\">\n\t\t\t\t\t<div class=\"elementor-gallery__container\">\n\t\t\t\t\t\t\t<a class=\"e-gallery-item elementor-gallery-item elementor-animated-content\" href=\"https:\/\/www.viavilla.mu\/wp-content\/uploads\/2023\/10\/Mosaique-1-min-scaled.jpg\" data-elementor-open-lightbox=\"yes\" data-elementor-lightbox-slideshow=\"dfc8962\" data-elementor-lightbox-title=\"Mosaique 1-min\" data-e-action-hash=\"#elementor-action%3Aaction%3Dlightbox%26settings%3DeyJpZCI6MTg4OCwidXJsIjoiaHR0cHM6XC9cL3d3dy52aWF2aWxsYS5tdVwvd3AtY29udGVudFwvdXBsb2Fkc1wvMjAyM1wvMTBcL01vc2FpcXVlLTEtbWluLXNjYWxlZC5qcGciLCJzbGlkZXNob3ciOiJkZmM4OTYyIn0%3D\">\n\t\t\t\t\t<div class=\"e-gallery-image elementor-gallery-item__image\" data-thumbnail=\"https:\/\/www.viavilla.mu\/wp-content\/uploads\/2023\/10\/Mosaique-1-min-scaled.jpg\" data-width=\"1702\" data-height=\"2560\" aria-label=\"\" role=\"img\" ><\/div>\n\t\t\t\t\t\t\t\t\t\t\t<div class=\"elementor-gallery-item__overlay\"><\/div>\n\t\t\t\t\t\t\t\t\t\t\t\t\t\t<\/a>\n\t\t\t\t\t\t\t<a class=\"e-gallery-item elementor-gallery-item elementor-animated-content\" href=\"https:\/\/www.viavilla.mu\/wp-content\/uploads\/2023\/10\/Mosaique-2-min-scaled.jpg\" data-elementor-open-lightbox=\"yes\" data-elementor-lightbox-slideshow=\"dfc8962\" data-elementor-lightbox-title=\"Mosaique 2-min\" data-e-action-hash=\"#elementor-action%3Aaction%3Dlightbox%26settings%3DeyJpZCI6MTg5MCwidXJsIjoiaHR0cHM6XC9cL3d3dy52aWF2aWxsYS5tdVwvd3AtY29udGVudFwvdXBsb2Fkc1wvMjAyM1wvMTBcL01vc2FpcXVlLTItbWluLXNjYWxlZC5qcGciLCJzbGlkZXNob3ciOiJkZmM4OTYyIn0%3D\">\n\t\t\t\t\t<div class=\"e-gallery-image elementor-gallery-item__image\" data-thumbnail=\"https:\/\/www.viavilla.mu\/wp-content\/uploads\/2023\/10\/Mosaique-2-min-scaled.jpg\" data-width=\"2560\" data-height=\"1732\" aria-label=\"\" role=\"img\" ><\/div>\n\t\t\t\t\t\t\t\t\t\t\t<div class=\"elementor-gallery-item__overlay\"><\/div>\n\t\t\t\t\t\t\t\t\t\t\t\t\t\t<\/a>\n\t\t\t\t\t\t\t<a class=\"e-gallery-item elementor-gallery-item elementor-animated-content\" href=\"https:\/\/www.viavilla.mu\/wp-content\/uploads\/2023\/10\/Mosaique-3-min-scaled.jpg\" data-elementor-open-lightbox=\"yes\" data-elementor-lightbox-slideshow=\"dfc8962\" data-elementor-lightbox-title=\"Mosaique 3-min\" data-e-action-hash=\"#elementor-action%3Aaction%3Dlightbox%26settings%3DeyJpZCI6MTg5MiwidXJsIjoiaHR0cHM6XC9cL3d3dy52aWF2aWxsYS5tdVwvd3AtY29udGVudFwvdXBsb2Fkc1wvMjAyM1wvMTBcL01vc2FpcXVlLTMtbWluLXNjYWxlZC5qcGciLCJzbGlkZXNob3ciOiJkZmM4OTYyIn0%3D\">\n\t\t\t\t\t<div class=\"e-gallery-image elementor-gallery-item__image\" data-thumbnail=\"https:\/\/www.viavilla.mu\/wp-content\/uploads\/2023\/10\/Mosaique-3-min-scaled.jpg\" data-width=\"2560\" data-height=\"1707\" aria-label=\"\" role=\"img\" ><\/div>\n\t\t\t\t\t\t\t\t\t\t\t<div class=\"elementor-gallery-item__overlay\"><\/div>\n\t\t\t\t\t\t\t\t\t\t\t\t\t\t<\/a>\n\t\t\t\t\t\t\t<a class=\"e-gallery-item elementor-gallery-item elementor-animated-content\" href=\"https:\/\/www.viavilla.mu\/wp-content\/uploads\/2023\/10\/Mosaique-4-min-scaled.jpg\" data-elementor-open-lightbox=\"yes\" data-elementor-lightbox-slideshow=\"dfc8962\" data-elementor-lightbox-title=\"Mosaique 4-min\" data-e-action-hash=\"#elementor-action%3Aaction%3Dlightbox%26settings%3DeyJpZCI6MTg5NCwidXJsIjoiaHR0cHM6XC9cL3d3dy52aWF2aWxsYS5tdVwvd3AtY29udGVudFwvdXBsb2Fkc1wvMjAyM1wvMTBcL01vc2FpcXVlLTQtbWluLXNjYWxlZC5qcGciLCJzbGlkZXNob3ciOiJkZmM4OTYyIn0%3D\">\n\t\t\t\t\t<div class=\"e-gallery-image elementor-gallery-item__image\" data-thumbnail=\"https:\/\/www.viavilla.mu\/wp-content\/uploads\/2023\/10\/Mosaique-4-min-scaled.jpg\" data-width=\"1182\" data-height=\"2560\" aria-label=\"\" role=\"img\" ><\/div>\n\t\t\t\t\t\t\t\t\t\t\t<div class=\"elementor-gallery-item__overlay\"><\/div>\n\t\t\t\t\t\t\t\t\t\t\t\t\t\t<\/a>\n\t\t\t\t\t\t\t<a class=\"e-gallery-item elementor-gallery-item elementor-animated-content\" href=\"https:\/\/www.viavilla.mu\/wp-content\/uploads\/2023\/10\/Mosaique-5-min-scaled.jpg\" data-elementor-open-lightbox=\"yes\" data-elementor-lightbox-slideshow=\"dfc8962\" data-elementor-lightbox-title=\"Mosaique 5-min\" data-e-action-hash=\"#elementor-action%3Aaction%3Dlightbox%26settings%3DeyJpZCI6MTg5NywidXJsIjoiaHR0cHM6XC9cL3d3dy52aWF2aWxsYS5tdVwvd3AtY29udGVudFwvdXBsb2Fkc1wvMjAyM1wvMTBcL01vc2FpcXVlLTUtbWluLXNjYWxlZC5qcGciLCJzbGlkZXNob3ciOiJkZmM4OTYyIn0%3D\">\n\t\t\t\t\t<div class=\"e-gallery-image elementor-gallery-item__image\" data-thumbnail=\"https:\/\/www.viavilla.mu\/wp-content\/uploads\/2023\/10\/Mosaique-5-min-scaled.jpg\" data-width=\"2560\" data-height=\"1921\" aria-label=\"\" role=\"img\" ><\/div>\n\t\t\t\t\t\t\t\t\t\t\t<div class=\"elementor-gallery-item__overlay\"><\/div>\n\t\t\t\t\t\t\t\t\t\t\t\t\t\t<\/a>\n\t\t\t\t\t\t\t<a class=\"e-gallery-item elementor-gallery-item elementor-animated-content\" href=\"https:\/\/www.viavilla.mu\/wp-content\/uploads\/2023\/10\/Mosaique-6-min-scaled.jpg\" data-elementor-open-lightbox=\"yes\" data-elementor-lightbox-slideshow=\"dfc8962\" data-elementor-lightbox-title=\"Mosaique 6-min\" data-e-action-hash=\"#elementor-action%3Aaction%3Dlightbox%26settings%3DeyJpZCI6MTg5OSwidXJsIjoiaHR0cHM6XC9cL3d3dy52aWF2aWxsYS5tdVwvd3AtY29udGVudFwvdXBsb2Fkc1wvMjAyM1wvMTBcL01vc2FpcXVlLTYtbWluLXNjYWxlZC5qcGciLCJzbGlkZXNob3ciOiJkZmM4OTYyIn0%3D\">\n\t\t\t\t\t<div class=\"e-gallery-image elementor-gallery-item__image\" data-thumbnail=\"https:\/\/www.viavilla.mu\/wp-content\/uploads\/2023\/10\/Mosaique-6-min-scaled.jpg\" data-width=\"1920\" data-height=\"2560\" aria-label=\"\" role=\"img\" ><\/div>\n\t\t\t\t\t\t\t\t\t\t\t<div class=\"elementor-gallery-item__overlay\"><\/div>\n\t\t\t\t\t\t\t\t\t\t\t\t\t\t<\/a>\n\t\t\t\t\t\t\t<a class=\"e-gallery-item elementor-gallery-item elementor-animated-content\" href=\"https:\/\/www.viavilla.mu\/wp-content\/uploads\/2023\/10\/Mosaique-7-min-scaled.jpg\" data-elementor-open-lightbox=\"yes\" data-elementor-lightbox-slideshow=\"dfc8962\" data-elementor-lightbox-title=\"Mosaique 7-min\" data-e-action-hash=\"#elementor-action%3Aaction%3Dlightbox%26settings%3DeyJpZCI6MTkwMSwidXJsIjoiaHR0cHM6XC9cL3d3dy52aWF2aWxsYS5tdVwvd3AtY29udGVudFwvdXBsb2Fkc1wvMjAyM1wvMTBcL01vc2FpcXVlLTctbWluLXNjYWxlZC5qcGciLCJzbGlkZXNob3ciOiJkZmM4OTYyIn0%3D\">\n\t\t\t\t\t<div class=\"e-gallery-image elementor-gallery-item__image\" data-thumbnail=\"https:\/\/www.viavilla.mu\/wp-content\/uploads\/2023\/10\/Mosaique-7-min-scaled.jpg\" data-width=\"2560\" data-height=\"1702\" aria-label=\"\" role=\"img\" ><\/div>\n\t\t\t\t\t\t\t\t\t\t\t<div class=\"elementor-gallery-item__overlay\"><\/div>\n\t\t\t\t\t\t\t\t\t\t\t\t\t\t<\/a>\n\t\t\t\t\t\t\t<a class=\"e-gallery-item elementor-gallery-item elementor-animated-content\" href=\"https:\/\/www.viavilla.mu\/wp-content\/uploads\/2023\/10\/Mosaique-8-min.jpg\" data-elementor-open-lightbox=\"yes\" data-elementor-lightbox-slideshow=\"dfc8962\" data-elementor-lightbox-title=\"Mosaique 8-min\" data-e-action-hash=\"#elementor-action%3Aaction%3Dlightbox%26settings%3DeyJpZCI6MTkwMywidXJsIjoiaHR0cHM6XC9cL3d3dy52aWF2aWxsYS5tdVwvd3AtY29udGVudFwvdXBsb2Fkc1wvMjAyM1wvMTBcL01vc2FpcXVlLTgtbWluLmpwZyIsInNsaWRlc2hvdyI6ImRmYzg5NjIifQ%3D%3D\">\n\t\t\t\t\t<div class=\"e-gallery-image elementor-gallery-item__image\" data-thumbnail=\"https:\/\/www.viavilla.mu\/wp-content\/uploads\/2023\/10\/Mosaique-8-min.jpg\" data-width=\"2550\" data-height=\"1700\" aria-label=\"\" role=\"img\" ><\/div>\n\t\t\t\t\t\t\t\t\t\t\t<div class=\"elementor-gallery-item__overlay\"><\/div>\n\t\t\t\t\t\t\t\t\t\t\t\t\t\t<\/a>\n\t\t\t\t\t<\/div>\n\t\t\t<\/div>\n\t\t\t\t<\/div>\n\t\t\t\t\t<\/div>\n\t\t<\/div>\n\t\t\t\t\t<\/div>\n\t\t<\/section>\n\t\t\t\t<section class=\"elementor-section elementor-top-section elementor-element elementor-element-0f79374 elementor-section-boxed elementor-section-height-default elementor-section-height-default\" data-id=\"0f79374\" data-element_type=\"section\">\n\t\t\t\t\t\t<div class=\"elementor-container elementor-column-gap-default\">\n\t\t\t\t\t<div class=\"elementor-column elementor-col-100 elementor-top-column elementor-element elementor-element-ca9fd22\" data-id=\"ca9fd22\" data-element_type=\"column\">\n\t\t\t<div class=\"elementor-widget-wrap elementor-element-populated\">\n\t\t\t\t\t\t<div class=\"elementor-element elementor-element-19b61a3 elementor-invisible elementor-widget elementor-widget-heading\" data-id=\"19b61a3\" data-element_type=\"widget\" data-settings=\"{&quot;_animation&quot;:&quot;fadeInUp&quot;}\" data-widget_type=\"heading.default\">\n\t\t\t\t<div class=\"elementor-widget-container\">\n\t\t\t<h4 class=\"elementor-heading-title elementor-size-default\">Transformez vos magnifiques vacances en une exp\u00e9rience enrichissante et inspirante.\n<\/h4>\t\t<\/div>\n\t\t\t\t<\/div>\n\t\t\t\t\t<\/div>\n\t\t<\/div>\n\t\t\t\t\t<\/div>\n\t\t<\/section>\n\t\t\t\t<section class=\"elementor-section elementor-top-section elementor-element elementor-element-a07ea8f elementor-section-boxed elementor-section-height-default elementor-section-height-default\" data-id=\"a07ea8f\" data-element_type=\"section\">\n\t\t\t\t\t\t<div class=\"elementor-container elementor-column-gap-default\">\n\t\t\t\t\t<div class=\"elementor-column elementor-col-100 elementor-top-column elementor-element elementor-element-b88aac4\" data-id=\"b88aac4\" data-element_type=\"column\">\n\t\t\t<div class=\"elementor-widget-wrap elementor-element-populated\">\n\t\t\t\t\t\t<div class=\"elementor-element elementor-element-9a055b0 elementor-invisible elementor-widget elementor-widget-heading\" data-id=\"9a055b0\" data-element_type=\"widget\" data-settings=\"{&quot;_animation&quot;:&quot;fadeInUp&quot;}\" data-widget_type=\"heading.default\">\n\t\t\t\t<div class=\"elementor-widget-container\">\n\t\t\t<h4 class=\"elementor-heading-title elementor-size-default\">Contactez nous<\/h4>\t\t<\/div>\n\t\t\t\t<\/div>\n\t\t\t\t<div class=\"elementor-element elementor-element-dc1e8ff elementor-invisible elementor-widget elementor-widget-heading\" data-id=\"dc1e8ff\" data-element_type=\"widget\" data-settings=\"{&quot;_animation&quot;:&quot;fadeInUp&quot;}\" data-widget_type=\"heading.default\">\n\t\t\t\t<div class=\"elementor-widget-container\">\n\t\t\t<h4 class=\"elementor-heading-title elementor-size-default\">POUR PLUS D'INFORMATIONS<br> SUR VOTRE LOCATION DE VACANCES \u00c0 L'\u00cele Maurice<\/h4>\t\t<\/div>\n\t\t\t\t<\/div>\n\t\t\t\t<div class=\"elementor-element elementor-element-00e86c8 elementor-view-default elementor-invisible elementor-widget elementor-widget-icon\" data-id=\"00e86c8\" data-element_type=\"widget\" data-settings=\"{&quot;_animation&quot;:&quot;fadeInUp&quot;}\" data-widget_type=\"icon.default\">\n\t\t\t\t<div class=\"elementor-widget-container\">\n\t\t\t\t\t<div class=\"elementor-icon-wrapper\">\n\t\t\t<a class=\"elementor-icon\" href=\"\/fr\/contact#contactform\">\n\t\t\t<i aria-hidden=\"true\" class=\"far fa-envelope\"><\/i>\t\t\t<\/a>\n\t\t<\/div>\n\t\t\t\t<\/div>\n\t\t\t\t<\/div>\n\t\t\t\t\t<\/div>\n\t\t<\/div>\n\t\t\t\t\t<\/div>\n\t\t<\/section>\n\t\t\t\t<\/div>\n\t\t","protected":false},"excerpt":{"rendered":"<p>L\u2019\u00eele Maurice est un lieu aux mille merveilles. Laissez-nous vous guider! Transformez vos magnifiques vacances en une exp\u00e9rience enrichissante et inspirante. Contactez nous POUR PLUS D&rsquo;INFORMATIONS SUR VOTRE LOCATION DE VACANCES \u00c0 L&rsquo;\u00cele Maurice<\/p>\n","protected":false},"author":1,"featured_media":0,"parent":0,"menu_order":0,"comment_status":"closed","ping_status":"closed","template":"elementor_header_footer","meta":{"_acf_changed":false,"footnotes":""},"class_list":["post-1618","page","type-page","status-publish","hentry"],"acf":[],"yoast_head":"<!-- This site is optimized with the Yoast SEO plugin v22.4 - https:\/\/yoast.com\/wordpress\/plugins\/seo\/ -->\n<title>Exp\u00e9riences - ViaVilla<\/title>\n<meta name=\"robots\" content=\"index, follow, max-snippet:-1, max-image-preview:large, max-video-preview:-1\" \/>\n<link rel=\"canonical\" href=\"https:\/\/www.viavilla.mu\/fr\/experiences\/\" \/>\n<meta property=\"og:locale\" content=\"fr_FR\" \/>\n<meta property=\"og:type\" content=\"article\" \/>\n<meta property=\"og:title\" content=\"Exp\u00e9riences - ViaVilla\" \/>\n<meta property=\"og:description\" content=\"L\u2019\u00eele Maurice est un lieu aux mille merveilles. Laissez-nous vous guider! Transformez vos magnifiques vacances en une exp\u00e9rience enrichissante et inspirante. Contactez nous POUR PLUS D&rsquo;INFORMATIONS SUR VOTRE LOCATION DE VACANCES \u00c0 L&rsquo;\u00cele Maurice\" \/>\n<meta property=\"og:url\" content=\"https:\/\/www.viavilla.mu\/fr\/experiences\/\" \/>\n<meta property=\"og:site_name\" content=\"ViaVilla\" \/>\n<meta property=\"article:publisher\" content=\"https:\/\/www.facebook.com\/profile.php?id=61551384764422\" \/>\n<meta property=\"article:modified_time\" content=\"2023-10-02T08:50:51+00:00\" \/>\n<meta property=\"og:image\" content=\"https:\/\/www.viavilla.mu\/wp-content\/uploads\/2023\/09\/logo_VIAVILLA-01.png\" \/>\n\t<meta property=\"og:image:width\" content=\"1080\" \/>\n\t<meta property=\"og:image:height\" content=\"790\" \/>\n\t<meta property=\"og:image:type\" content=\"image\/png\" \/>\n<meta name=\"twitter:card\" content=\"summary_large_image\" \/>\n<meta name=\"twitter:label1\" content=\"Dur\u00e9e de lecture estim\u00e9e\" \/>\n\t<meta name=\"twitter:data1\" content=\"1 minute\" \/>\n<script type=\"application\/ld+json\" class=\"yoast-schema-graph\">{\"@context\":\"https:\/\/schema.org\",\"@graph\":[{\"@type\":\"WebPage\",\"@id\":\"https:\/\/www.viavilla.mu\/fr\/experiences\/\",\"url\":\"https:\/\/www.viavilla.mu\/fr\/experiences\/\",\"name\":\"Exp\u00e9riences - ViaVilla\",\"isPartOf\":{\"@id\":\"https:\/\/www.viavilla.mu\/fr\/#website\"},\"datePublished\":\"2023-09-25T19:58:46+00:00\",\"dateModified\":\"2023-10-02T08:50:51+00:00\",\"breadcrumb\":{\"@id\":\"https:\/\/www.viavilla.mu\/fr\/experiences\/#breadcrumb\"},\"inLanguage\":\"fr-FR\",\"potentialAction\":[{\"@type\":\"ReadAction\",\"target\":[\"https:\/\/www.viavilla.mu\/fr\/experiences\/\"]}]},{\"@type\":\"BreadcrumbList\",\"@id\":\"https:\/\/www.viavilla.mu\/fr\/experiences\/#breadcrumb\",\"itemListElement\":[{\"@type\":\"ListItem\",\"position\":1,\"name\":\"Home\",\"item\":\"https:\/\/www.viavilla.mu\/fr\/\"},{\"@type\":\"ListItem\",\"position\":2,\"name\":\"Exp\u00e9riences\"}]},{\"@type\":\"WebSite\",\"@id\":\"https:\/\/www.viavilla.mu\/fr\/#website\",\"url\":\"https:\/\/www.viavilla.mu\/fr\/\",\"name\":\"ViaVilla\",\"description\":\"Crafting Your Dream Staystyle\",\"publisher\":{\"@id\":\"https:\/\/www.viavilla.mu\/fr\/#organization\"},\"potentialAction\":[{\"@type\":\"SearchAction\",\"target\":{\"@type\":\"EntryPoint\",\"urlTemplate\":\"https:\/\/www.viavilla.mu\/fr\/?s={search_term_string}\"},\"query-input\":\"required name=search_term_string\"}],\"inLanguage\":\"fr-FR\"},{\"@type\":\"Organization\",\"@id\":\"https:\/\/www.viavilla.mu\/fr\/#organization\",\"name\":\"ViaVilla\",\"url\":\"https:\/\/www.viavilla.mu\/fr\/\",\"logo\":{\"@type\":\"ImageObject\",\"inLanguage\":\"fr-FR\",\"@id\":\"https:\/\/www.viavilla.mu\/fr\/#\/schema\/logo\/image\/\",\"url\":\"https:\/\/www.viavilla.mu\/wp-content\/uploads\/2023\/09\/logo_VIAVILLA-01.png\",\"contentUrl\":\"https:\/\/www.viavilla.mu\/wp-content\/uploads\/2023\/09\/logo_VIAVILLA-01.png\",\"width\":1080,\"height\":790,\"caption\":\"ViaVilla\"},\"image\":{\"@id\":\"https:\/\/www.viavilla.mu\/fr\/#\/schema\/logo\/image\/\"},\"sameAs\":[\"https:\/\/www.facebook.com\/profile.php?id=61551384764422\",\"https:\/\/www.instagram.com\/viavilla1\/\"]}]}<\/script>\n<!-- \/ Yoast SEO plugin. -->","yoast_head_json":{"title":"Exp\u00e9riences - ViaVilla","robots":{"index":"index","follow":"follow","max-snippet":"max-snippet:-1","max-image-preview":"max-image-preview:large","max-video-preview":"max-video-preview:-1"},"canonical":"https:\/\/www.viavilla.mu\/fr\/experiences\/","og_locale":"fr_FR","og_type":"article","og_title":"Exp\u00e9riences - ViaVilla","og_description":"L\u2019\u00eele Maurice est un lieu aux mille merveilles. Laissez-nous vous guider! Transformez vos magnifiques vacances en une exp\u00e9rience enrichissante et inspirante. Contactez nous POUR PLUS D&rsquo;INFORMATIONS SUR VOTRE LOCATION DE VACANCES \u00c0 L&rsquo;\u00cele Maurice","og_url":"https:\/\/www.viavilla.mu\/fr\/experiences\/","og_site_name":"ViaVilla","article_publisher":"https:\/\/www.facebook.com\/profile.php?id=61551384764422","article_modified_time":"2023-10-02T08:50:51+00:00","og_image":[{"width":1080,"height":790,"url":"https:\/\/www.viavilla.mu\/wp-content\/uploads\/2023\/09\/logo_VIAVILLA-01.png","type":"image\/png"}],"twitter_card":"summary_large_image","twitter_misc":{"Dur\u00e9e de lecture estim\u00e9e":"1 minute"},"schema":{"@context":"https:\/\/schema.org","@graph":[{"@type":"WebPage","@id":"https:\/\/www.viavilla.mu\/fr\/experiences\/","url":"https:\/\/www.viavilla.mu\/fr\/experiences\/","name":"Exp\u00e9riences - ViaVilla","isPartOf":{"@id":"https:\/\/www.viavilla.mu\/fr\/#website"},"datePublished":"2023-09-25T19:58:46+00:00","dateModified":"2023-10-02T08:50:51+00:00","breadcrumb":{"@id":"https:\/\/www.viavilla.mu\/fr\/experiences\/#breadcrumb"},"inLanguage":"fr-FR","potentialAction":[{"@type":"ReadAction","target":["https:\/\/www.viavilla.mu\/fr\/experiences\/"]}]},{"@type":"BreadcrumbList","@id":"https:\/\/www.viavilla.mu\/fr\/experiences\/#breadcrumb","itemListElement":[{"@type":"ListItem","position":1,"name":"Home","item":"https:\/\/www.viavilla.mu\/fr\/"},{"@type":"ListItem","position":2,"name":"Exp\u00e9riences"}]},{"@type":"WebSite","@id":"https:\/\/www.viavilla.mu\/fr\/#website","url":"https:\/\/www.viavilla.mu\/fr\/","name":"ViaVilla","description":"Crafting Your Dream Staystyle","publisher":{"@id":"https:\/\/www.viavilla.mu\/fr\/#organization"},"potentialAction":[{"@type":"SearchAction","target":{"@type":"EntryPoint","urlTemplate":"https:\/\/www.viavilla.mu\/fr\/?s={search_term_string}"},"query-input":"required name=search_term_string"}],"inLanguage":"fr-FR"},{"@type":"Organization","@id":"https:\/\/www.viavilla.mu\/fr\/#organization","name":"ViaVilla","url":"https:\/\/www.viavilla.mu\/fr\/","logo":{"@type":"ImageObject","inLanguage":"fr-FR","@id":"https:\/\/www.viavilla.mu\/fr\/#\/schema\/logo\/image\/","url":"https:\/\/www.viavilla.mu\/wp-content\/uploads\/2023\/09\/logo_VIAVILLA-01.png","contentUrl":"https:\/\/www.viavilla.mu\/wp-content\/uploads\/2023\/09\/logo_VIAVILLA-01.png","width":1080,"height":790,"caption":"ViaVilla"},"image":{"@id":"https:\/\/www.viavilla.mu\/fr\/#\/schema\/logo\/image\/"},"sameAs":["https:\/\/www.facebook.com\/profile.php?id=61551384764422","https:\/\/www.instagram.com\/viavilla1\/"]}]}},"_links":{"self":[{"href":"https:\/\/www.viavilla.mu\/fr\/wp-json\/wp\/v2\/pages\/1618","targetHints":{"allow":["GET"]}}],"collection":[{"href":"https:\/\/www.viavilla.mu\/fr\/wp-json\/wp\/v2\/pages"}],"about":[{"href":"https:\/\/www.viavilla.mu\/fr\/wp-json\/wp\/v2\/types\/page"}],"author":[{"embeddable":true,"href":"https:\/\/www.viavilla.mu\/fr\/wp-json\/wp\/v2\/users\/1"}],"replies":[{"embeddable":true,"href":"https:\/\/www.viavilla.mu\/fr\/wp-json\/wp\/v2\/comments?post=1618"}],"version-history":[{"count":0,"href":"https:\/\/www.viavilla.mu\/fr\/wp-json\/wp\/v2\/pages\/1618\/revisions"}],"wp:attachment":[{"href":"https:\/\/www.viavilla.mu\/fr\/wp-json\/wp\/v2\/media?parent=1618"}],"curies":[{"name":"wp","href":"https:\/\/api.w.org\/{rel}","templated":true}]}}