{"id":1603,"date":"2023-09-26T01:48:50","date_gmt":"2023-09-25T21:48:50","guid":{"rendered":"https:\/\/www.viavilla.mu\/?page_id=1603"},"modified":"2023-10-01T20:59:36","modified_gmt":"2023-10-01T16:59:36","slug":"devenez-un-hote","status":"publish","type":"page","link":"https:\/\/www.viavilla.mu\/fr\/devenez-un-hote\/","title":{"rendered":"Devenez un h\u00f4te"},"content":{"rendered":"\t\t<div data-elementor-type=\"wp-page\" data-elementor-id=\"1603\" class=\"elementor elementor-1603 elementor-1269\" data-elementor-post-type=\"page\">\n\t\t\t\t\t\t<section data-dce-background-overlay-color=\"#232323\" data-dce-background-image-url=\"https:\/\/www.viavilla.mu\/wp-content\/uploads\/2023\/09\/List-your-home-scaled.jpg\" class=\"elementor-section elementor-top-section elementor-element elementor-element-1e711c1 elementor-section-height-min-height elementor-section-stretched elementor-section-boxed elementor-section-height-default elementor-section-items-middle\" data-id=\"1e711c1\" data-element_type=\"section\" data-settings=\"{&quot;background_background&quot;:&quot;classic&quot;,&quot;stretch_section&quot;:&quot;section-stretched&quot;}\">\n\t\t\t\t\t\t\t<div class=\"elementor-background-overlay\"><\/div>\n\t\t\t\t\t\t\t<div class=\"elementor-container elementor-column-gap-default\">\n\t\t\t\t\t<div class=\"elementor-column elementor-col-100 elementor-top-column elementor-element elementor-element-ec0c521\" data-id=\"ec0c521\" data-element_type=\"column\">\n\t\t\t<div class=\"elementor-widget-wrap elementor-element-populated\">\n\t\t\t\t\t\t<div class=\"elementor-element elementor-element-c9ffd79 elementor-invisible elementor-widget elementor-widget-heading\" data-id=\"c9ffd79\" data-element_type=\"widget\" data-settings=\"{&quot;_animation&quot;:&quot;fadeInUp&quot;}\" data-widget_type=\"heading.default\">\n\t\t\t\t<div class=\"elementor-widget-container\">\n\t\t\t<h1 class=\"elementor-heading-title elementor-size-default\">Devenez un h\u00f4te<\/h1>\t\t<\/div>\n\t\t\t\t<\/div>\n\t\t\t\t\t<\/div>\n\t\t<\/div>\n\t\t\t\t\t<\/div>\n\t\t<\/section>\n\t\t\t\t<section class=\"elementor-section elementor-top-section elementor-element elementor-element-50d8d1a elementor-section-boxed elementor-section-height-default elementor-section-height-default\" data-id=\"50d8d1a\" data-element_type=\"section\">\n\t\t\t\t\t\t<div class=\"elementor-container elementor-column-gap-default\">\n\t\t\t\t\t<div class=\"elementor-column elementor-col-100 elementor-top-column elementor-element elementor-element-066fe7c\" data-id=\"066fe7c\" data-element_type=\"column\">\n\t\t\t<div class=\"elementor-widget-wrap elementor-element-populated\">\n\t\t\t\t\t\t<div class=\"elementor-element elementor-element-c443e25 elementor-invisible elementor-widget elementor-widget-text-editor\" data-id=\"c443e25\" data-element_type=\"widget\" data-settings=\"{&quot;_animation&quot;:&quot;fadeInUp&quot;}\" data-widget_type=\"text-editor.default\">\n\t\t\t\t<div class=\"elementor-widget-container\">\n\t\t\t\t\t\t\t<p>Devenez partenaire d\u2019une entreprise \u00e9thique de location. Chez ViaVilla, nous<br \/>reconnaissons l\u2019importance des propri\u00e9taires dans l\u2019exp\u00e9rience de nos clients. Nous travaillons en \u00e9troite collaboration avec vous pour \u00e9tablir un partenariat mutuellement avantageux.<\/p>\t\t\t\t\t\t<\/div>\n\t\t\t\t<\/div>\n\t\t\t\t\t<\/div>\n\t\t<\/div>\n\t\t\t\t\t<\/div>\n\t\t<\/section>\n\t\t\t\t<section class=\"elementor-section elementor-top-section elementor-element elementor-element-e659b26 elementor-section-boxed elementor-section-height-default elementor-section-height-default\" data-id=\"e659b26\" data-element_type=\"section\">\n\t\t\t\t\t\t<div class=\"elementor-container elementor-column-gap-default\">\n\t\t\t\t\t<div class=\"elementor-column elementor-col-100 elementor-top-column elementor-element elementor-element-d88ff71\" data-id=\"d88ff71\" data-element_type=\"column\">\n\t\t\t<div class=\"elementor-widget-wrap elementor-element-populated\">\n\t\t\t\t\t\t<div class=\"elementor-element elementor-element-b841d93 elementor-widget elementor-widget-heading\" data-id=\"b841d93\" data-element_type=\"widget\" data-widget_type=\"heading.default\">\n\t\t\t\t<div class=\"elementor-widget-container\">\n\t\t\t<h3 class=\"elementor-heading-title elementor-size-default\">4 raisons de vous associer \u00e0 ViaVilla<\/h3>\t\t<\/div>\n\t\t\t\t<\/div>\n\t\t\t\t<div class=\"elementor-element elementor-element-02e7a47 elementor-widget elementor-widget-ucaddon_timeline_bullets\" data-id=\"02e7a47\" data-element_type=\"widget\" data-widget_type=\"ucaddon_timeline_bullets.default\">\n\t\t\t\t<div class=\"elementor-widget-container\">\n\t\t\t<!-- start Timeline Bullets -->\n\t\t<link id='font-awesome-ue-css' href='https:\/\/www.viavilla.mu\/wp-content\/plugins\/unlimited-elements-for-elementor-premium\/assets_libraries\/font-awesome5\/css\/fontawesome-all.min.css' type='text\/css' rel='stylesheet' >\n\t\t<link id='font-awesome-4-shim-css' href='https:\/\/www.viavilla.mu\/wp-content\/plugins\/unlimited-elements-for-elementor-premium\/assets_libraries\/font-awesome5\/css\/fontawesome-v4-shims.css' type='text\/css' rel='stylesheet' >\n\n\t\t\t<style type=\"text\/css\">\/* widget: Timeline Bullets *\/\n\n\n\n#uc_timeline_bullets_elementor_02e7a47 .ue_item\n{\n  display:flex;\n  position:relative;\n}\n\n#uc_timeline_bullets_elementor_02e7a47 .ue_item_icon\n{\n \n  display:flex;\n  align-items:center;\n  justify-content:center;\n  flex-grow:0;\n  flex-shrink:0;\n  line-height:1em;\n  overflow:hidden;\n}\n\n#uc_timeline_bullets_elementor_02e7a47 .ue_item_icon img\n{\n  object-fit: cover;\n}\n\n#uc_timeline_bullets_elementor_02e7a47 .ue_item_icon svg\n{\n \n  height:1em;\n  width:1em;\n}\n\n#uc_timeline_bullets_elementor_02e7a47 .ue_item_spacer\n{\n  flex-grow:0;\n  flex-shrink:0;\n}\n\n#uc_timeline_bullets_elementor_02e7a47 .ue_item_hr_line\n{\n  \n  flex-grow:0;\n  flex-shrink:0;\n}\n\n#uc_timeline_bullets_elementor_02e7a47 .ue_item_vr_line\n{\n  height:100%;\n  position:absolute;\n  flex-grow:0;\n  flex-shrink:0;\n}\n\n.ue_item_title\n{\n  font-size:21px;\n}\n\n\n#uc_timeline_bullets_elementor_02e7a47.uc-remote-parent .ue_item\n{\n  cursor:pointer;\n}\n\n<\/style>\n\n\t\t\t<div id=\"uc_timeline_bullets_elementor_02e7a47\" class=\"uc-items-wrapper  \"  >\n <div class=\"ue_item elementor-repeater-item-52fee58\">\n    <div class=\"ue_item_vr_line\"><\/div>\n    <div class=\"ue_item_hr_line\"><\/div>\n    <div class=\"ue_item_icon\">\n            1           <\/div>\n    <div class=\"ue_item_spacer\"><\/div>\n    <div class=\"ue_item_content\">\n      <div class=\"ue_item_title\">GESTION D\u00c9DI\u00c9E ET PROFESSIONNELLE<\/div>      <div class=\"ue_item_text\">Notre \u00e9quipe d'experts d\u00e9vou\u00e9s s'engage \u00e0 r\u00e9pondre \u00e0 vos besoins et \u00e0 transformer votre propri\u00e9t\u00e9 en un havre luxueux pour nos visiteurs. <\/div>    <\/div>\n  <\/div>\n<div class=\"ue_item elementor-repeater-item-02fbe8c\">\n    <div class=\"ue_item_vr_line\"><\/div>\n    <div class=\"ue_item_hr_line\"><\/div>\n    <div class=\"ue_item_icon\">\n            2           <\/div>\n    <div class=\"ue_item_spacer\"><\/div>\n    <div class=\"ue_item_content\">\n      <div class=\"ue_item_title\">VISIBILIT\u00c9 DE VOTRE PROPRI\u00c9T\u00c9<\/div>      <div class=\"ue_item_text\">Acc\u00e9dez \u00e0 notre r\u00e9seau \u00e9tabli et \u00e0 nos comp\u00e9tences en marketing pour am\u00e9liorer la visibilit\u00e9 de votre propri\u00e9t\u00e9. Nos strat\u00e9gies marketing sont adapt\u00e9es pour vous permettre d\u2019atteindre le bon public et mettre en valeur les caract\u00e9ristiques uniques et les avantages de votre propri\u00e9t\u00e9.<\/div>    <\/div>\n  <\/div>\n<div class=\"ue_item elementor-repeater-item-4d0e9cb\">\n    <div class=\"ue_item_vr_line\"><\/div>\n    <div class=\"ue_item_hr_line\"><\/div>\n    <div class=\"ue_item_icon\">\n            3           <\/div>\n    <div class=\"ue_item_spacer\"><\/div>\n    <div class=\"ue_item_content\">\n      <div class=\"ue_item_title\">\u00c9CONOMIES DE TEMPS ET D'EFFORT<\/div>      <div class=\"ue_item_text\">Oubliez les t\u00e2ches chronophages telles que g\u00e9rer les demandes de renseignements, les r\u00e9servations, coordonner les arriv\u00e9es et les d\u00e9parts, et r\u00e9soudre les probl\u00e8mes de maintenance. ViaVilla s'occupe de ces aspects op\u00e9rationnels pour vous.<\/div>    <\/div>\n  <\/div>\n<div class=\"ue_item elementor-repeater-item-c437111\">\n    <div class=\"ue_item_vr_line\"><\/div>\n    <div class=\"ue_item_hr_line\"><\/div>\n    <div class=\"ue_item_icon\">\n            4           <\/div>\n    <div class=\"ue_item_spacer\"><\/div>\n    <div class=\"ue_item_content\">\n      <div class=\"ue_item_title\">AUGMENTATION DE L'OCCUPATION ET DES REVENUS<\/div>      <div class=\"ue_item_text\">B\u00e9n\u00e9ficiez de notre connaissance approfondie de l'optimisation des tarifs de location et de la maximisation de l'occupation. Notre approche en mati\u00e8re de revenus est flexible et adapt\u00e9e \u00e0 vos pr\u00e9f\u00e9rences. Choisissez entre un tarif mensuel fixe ou un tarif variable, en fonction de ce qui correspond le mieux \u00e0 vos objectifs personnels.<\/div>    <\/div>\n  <\/div>\n\n<\/div>\n\n<!-- -->\n\t\t\t<!-- end Timeline Bullets -->\t\t<\/div>\n\t\t\t\t<\/div>\n\t\t\t\t\t<\/div>\n\t\t<\/div>\n\t\t\t\t\t<\/div>\n\t\t<\/section>\n\t\t\t\t<section class=\"elementor-section elementor-top-section elementor-element elementor-element-c4da4af elementor-section-boxed elementor-section-height-default elementor-section-height-default\" data-id=\"c4da4af\" data-element_type=\"section\">\n\t\t\t\t\t\t<div class=\"elementor-container elementor-column-gap-default\">\n\t\t\t\t\t<div class=\"elementor-column elementor-col-100 elementor-top-column elementor-element elementor-element-548f896\" data-id=\"548f896\" data-element_type=\"column\">\n\t\t\t<div class=\"elementor-widget-wrap elementor-element-populated\">\n\t\t\t\t\t\t<div class=\"elementor-element elementor-element-30e90f4 elementor-invisible elementor-widget elementor-widget-heading\" data-id=\"30e90f4\" data-element_type=\"widget\" data-settings=\"{&quot;_animation&quot;:&quot;fadeInUp&quot;}\" data-widget_type=\"heading.default\">\n\t\t\t\t<div class=\"elementor-widget-container\">\n\t\t\t<h4 class=\"elementor-heading-title elementor-size-default\">Contactez nous<\/h4>\t\t<\/div>\n\t\t\t\t<\/div>\n\t\t\t\t<div class=\"elementor-element elementor-element-ef19951 elementor-invisible elementor-widget elementor-widget-heading\" data-id=\"ef19951\" data-element_type=\"widget\" data-settings=\"{&quot;_animation&quot;:&quot;fadeInUp&quot;}\" data-widget_type=\"heading.default\">\n\t\t\t\t<div class=\"elementor-widget-container\">\n\t\t\t<h4 class=\"elementor-heading-title elementor-size-default\">Collaborez avec ViaVilla<br>associez-vous \u00e0 notre expertise en location<\/h4>\t\t<\/div>\n\t\t\t\t<\/div>\n\t\t\t\t<div class=\"elementor-element elementor-element-3215c7d elementor-view-default elementor-invisible elementor-widget elementor-widget-icon\" data-id=\"3215c7d\" data-element_type=\"widget\" data-settings=\"{&quot;_animation&quot;:&quot;fadeInUp&quot;}\" data-widget_type=\"icon.default\">\n\t\t\t\t<div class=\"elementor-widget-container\">\n\t\t\t\t\t<div class=\"elementor-icon-wrapper\">\n\t\t\t<a class=\"elementor-icon\" href=\"\/fr\/contact#contactform\">\n\t\t\t<i aria-hidden=\"true\" class=\"far fa-envelope\"><\/i>\t\t\t<\/a>\n\t\t<\/div>\n\t\t\t\t<\/div>\n\t\t\t\t<\/div>\n\t\t\t\t\t<\/div>\n\t\t<\/div>\n\t\t\t\t\t<\/div>\n\t\t<\/section>\n\t\t\t\t<\/div>\n\t\t","protected":false},"excerpt":{"rendered":"<p>Devenez partenaire d\u2019une entreprise \u00e9thique de location. Chez ViaVilla, nousreconnaissons l\u2019importance des propri\u00e9taires dans l\u2019exp\u00e9rience de nos clients. Nous travaillons en \u00e9troite collaboration avec vous pour \u00e9tablir un partenariat mutuellement avantageux. 4 raisons de vous associer \u00e0 ViaVilla 1 GESTION D\u00c9DI\u00c9E ET PROFESSIONNELLE Notre \u00e9quipe d&rsquo;experts d\u00e9vou\u00e9s s&rsquo;engage \u00e0 r\u00e9pondre \u00e0 vos besoins et \u00e0 [&hellip;]<\/p>\n","protected":false},"author":1,"featured_media":0,"parent":0,"menu_order":0,"comment_status":"closed","ping_status":"closed","template":"elementor_header_footer","meta":{"_acf_changed":false,"footnotes":""},"class_list":["post-1603","page","type-page","status-publish","hentry"],"acf":[],"yoast_head":"<!-- This site is optimized with the Yoast SEO plugin v22.4 - https:\/\/yoast.com\/wordpress\/plugins\/seo\/ -->\n<title>Devenez un h\u00f4te - ViaVilla<\/title>\n<meta name=\"robots\" content=\"index, follow, max-snippet:-1, max-image-preview:large, max-video-preview:-1\" \/>\n<link rel=\"canonical\" href=\"https:\/\/www.viavilla.mu\/fr\/devenez-un-hote\/\" \/>\n<meta property=\"og:locale\" content=\"fr_FR\" \/>\n<meta property=\"og:type\" content=\"article\" \/>\n<meta property=\"og:title\" content=\"Devenez un h\u00f4te - ViaVilla\" \/>\n<meta property=\"og:description\" content=\"Devenez partenaire d\u2019une entreprise \u00e9thique de location. Chez ViaVilla, nousreconnaissons l\u2019importance des propri\u00e9taires dans l\u2019exp\u00e9rience de nos clients. Nous travaillons en \u00e9troite collaboration avec vous pour \u00e9tablir un partenariat mutuellement avantageux. 4 raisons de vous associer \u00e0 ViaVilla 1 GESTION D\u00c9DI\u00c9E ET PROFESSIONNELLE Notre \u00e9quipe d&rsquo;experts d\u00e9vou\u00e9s s&rsquo;engage \u00e0 r\u00e9pondre \u00e0 vos besoins et \u00e0 [&hellip;]\" \/>\n<meta property=\"og:url\" content=\"https:\/\/www.viavilla.mu\/fr\/devenez-un-hote\/\" \/>\n<meta property=\"og:site_name\" content=\"ViaVilla\" \/>\n<meta property=\"article:publisher\" content=\"https:\/\/www.facebook.com\/profile.php?id=61551384764422\" \/>\n<meta property=\"article:modified_time\" content=\"2023-10-01T16:59:36+00:00\" \/>\n<meta property=\"og:image\" content=\"https:\/\/www.viavilla.mu\/wp-content\/uploads\/2023\/09\/logo_VIAVILLA-01.png\" \/>\n\t<meta property=\"og:image:width\" content=\"1080\" \/>\n\t<meta property=\"og:image:height\" content=\"790\" \/>\n\t<meta property=\"og:image:type\" content=\"image\/png\" \/>\n<meta name=\"twitter:card\" content=\"summary_large_image\" \/>\n<meta name=\"twitter:label1\" content=\"Dur\u00e9e de lecture estim\u00e9e\" \/>\n\t<meta name=\"twitter:data1\" content=\"2 minutes\" \/>\n<script type=\"application\/ld+json\" class=\"yoast-schema-graph\">{\"@context\":\"https:\/\/schema.org\",\"@graph\":[{\"@type\":\"WebPage\",\"@id\":\"https:\/\/www.viavilla.mu\/fr\/devenez-un-hote\/\",\"url\":\"https:\/\/www.viavilla.mu\/fr\/devenez-un-hote\/\",\"name\":\"Devenez un h\u00f4te - ViaVilla\",\"isPartOf\":{\"@id\":\"https:\/\/www.viavilla.mu\/fr\/#website\"},\"datePublished\":\"2023-09-25T21:48:50+00:00\",\"dateModified\":\"2023-10-01T16:59:36+00:00\",\"breadcrumb\":{\"@id\":\"https:\/\/www.viavilla.mu\/fr\/devenez-un-hote\/#breadcrumb\"},\"inLanguage\":\"fr-FR\",\"potentialAction\":[{\"@type\":\"ReadAction\",\"target\":[\"https:\/\/www.viavilla.mu\/fr\/devenez-un-hote\/\"]}]},{\"@type\":\"BreadcrumbList\",\"@id\":\"https:\/\/www.viavilla.mu\/fr\/devenez-un-hote\/#breadcrumb\",\"itemListElement\":[{\"@type\":\"ListItem\",\"position\":1,\"name\":\"Home\",\"item\":\"https:\/\/www.viavilla.mu\/fr\/\"},{\"@type\":\"ListItem\",\"position\":2,\"name\":\"Devenez un h\u00f4te\"}]},{\"@type\":\"WebSite\",\"@id\":\"https:\/\/www.viavilla.mu\/fr\/#website\",\"url\":\"https:\/\/www.viavilla.mu\/fr\/\",\"name\":\"ViaVilla\",\"description\":\"Crafting Your Dream Staystyle\",\"publisher\":{\"@id\":\"https:\/\/www.viavilla.mu\/fr\/#organization\"},\"potentialAction\":[{\"@type\":\"SearchAction\",\"target\":{\"@type\":\"EntryPoint\",\"urlTemplate\":\"https:\/\/www.viavilla.mu\/fr\/?s={search_term_string}\"},\"query-input\":\"required name=search_term_string\"}],\"inLanguage\":\"fr-FR\"},{\"@type\":\"Organization\",\"@id\":\"https:\/\/www.viavilla.mu\/fr\/#organization\",\"name\":\"ViaVilla\",\"url\":\"https:\/\/www.viavilla.mu\/fr\/\",\"logo\":{\"@type\":\"ImageObject\",\"inLanguage\":\"fr-FR\",\"@id\":\"https:\/\/www.viavilla.mu\/fr\/#\/schema\/logo\/image\/\",\"url\":\"https:\/\/www.viavilla.mu\/wp-content\/uploads\/2023\/09\/logo_VIAVILLA-01.png\",\"contentUrl\":\"https:\/\/www.viavilla.mu\/wp-content\/uploads\/2023\/09\/logo_VIAVILLA-01.png\",\"width\":1080,\"height\":790,\"caption\":\"ViaVilla\"},\"image\":{\"@id\":\"https:\/\/www.viavilla.mu\/fr\/#\/schema\/logo\/image\/\"},\"sameAs\":[\"https:\/\/www.facebook.com\/profile.php?id=61551384764422\",\"https:\/\/www.instagram.com\/viavilla1\/\"]}]}<\/script>\n<!-- \/ Yoast SEO plugin. -->","yoast_head_json":{"title":"Devenez un h\u00f4te - ViaVilla","robots":{"index":"index","follow":"follow","max-snippet":"max-snippet:-1","max-image-preview":"max-image-preview:large","max-video-preview":"max-video-preview:-1"},"canonical":"https:\/\/www.viavilla.mu\/fr\/devenez-un-hote\/","og_locale":"fr_FR","og_type":"article","og_title":"Devenez un h\u00f4te - ViaVilla","og_description":"Devenez partenaire d\u2019une entreprise \u00e9thique de location. Chez ViaVilla, nousreconnaissons l\u2019importance des propri\u00e9taires dans l\u2019exp\u00e9rience de nos clients. Nous travaillons en \u00e9troite collaboration avec vous pour \u00e9tablir un partenariat mutuellement avantageux. 4 raisons de vous associer \u00e0 ViaVilla 1 GESTION D\u00c9DI\u00c9E ET PROFESSIONNELLE Notre \u00e9quipe d&rsquo;experts d\u00e9vou\u00e9s s&rsquo;engage \u00e0 r\u00e9pondre \u00e0 vos besoins et \u00e0 [&hellip;]","og_url":"https:\/\/www.viavilla.mu\/fr\/devenez-un-hote\/","og_site_name":"ViaVilla","article_publisher":"https:\/\/www.facebook.com\/profile.php?id=61551384764422","article_modified_time":"2023-10-01T16:59:36+00:00","og_image":[{"width":1080,"height":790,"url":"https:\/\/www.viavilla.mu\/wp-content\/uploads\/2023\/09\/logo_VIAVILLA-01.png","type":"image\/png"}],"twitter_card":"summary_large_image","twitter_misc":{"Dur\u00e9e de lecture estim\u00e9e":"2 minutes"},"schema":{"@context":"https:\/\/schema.org","@graph":[{"@type":"WebPage","@id":"https:\/\/www.viavilla.mu\/fr\/devenez-un-hote\/","url":"https:\/\/www.viavilla.mu\/fr\/devenez-un-hote\/","name":"Devenez un h\u00f4te - ViaVilla","isPartOf":{"@id":"https:\/\/www.viavilla.mu\/fr\/#website"},"datePublished":"2023-09-25T21:48:50+00:00","dateModified":"2023-10-01T16:59:36+00:00","breadcrumb":{"@id":"https:\/\/www.viavilla.mu\/fr\/devenez-un-hote\/#breadcrumb"},"inLanguage":"fr-FR","potentialAction":[{"@type":"ReadAction","target":["https:\/\/www.viavilla.mu\/fr\/devenez-un-hote\/"]}]},{"@type":"BreadcrumbList","@id":"https:\/\/www.viavilla.mu\/fr\/devenez-un-hote\/#breadcrumb","itemListElement":[{"@type":"ListItem","position":1,"name":"Home","item":"https:\/\/www.viavilla.mu\/fr\/"},{"@type":"ListItem","position":2,"name":"Devenez un h\u00f4te"}]},{"@type":"WebSite","@id":"https:\/\/www.viavilla.mu\/fr\/#website","url":"https:\/\/www.viavilla.mu\/fr\/","name":"ViaVilla","description":"Crafting Your Dream Staystyle","publisher":{"@id":"https:\/\/www.viavilla.mu\/fr\/#organization"},"potentialAction":[{"@type":"SearchAction","target":{"@type":"EntryPoint","urlTemplate":"https:\/\/www.viavilla.mu\/fr\/?s={search_term_string}"},"query-input":"required name=search_term_string"}],"inLanguage":"fr-FR"},{"@type":"Organization","@id":"https:\/\/www.viavilla.mu\/fr\/#organization","name":"ViaVilla","url":"https:\/\/www.viavilla.mu\/fr\/","logo":{"@type":"ImageObject","inLanguage":"fr-FR","@id":"https:\/\/www.viavilla.mu\/fr\/#\/schema\/logo\/image\/","url":"https:\/\/www.viavilla.mu\/wp-content\/uploads\/2023\/09\/logo_VIAVILLA-01.png","contentUrl":"https:\/\/www.viavilla.mu\/wp-content\/uploads\/2023\/09\/logo_VIAVILLA-01.png","width":1080,"height":790,"caption":"ViaVilla"},"image":{"@id":"https:\/\/www.viavilla.mu\/fr\/#\/schema\/logo\/image\/"},"sameAs":["https:\/\/www.facebook.com\/profile.php?id=61551384764422","https:\/\/www.instagram.com\/viavilla1\/"]}]}},"_links":{"self":[{"href":"https:\/\/www.viavilla.mu\/fr\/wp-json\/wp\/v2\/pages\/1603","targetHints":{"allow":["GET"]}}],"collection":[{"href":"https:\/\/www.viavilla.mu\/fr\/wp-json\/wp\/v2\/pages"}],"about":[{"href":"https:\/\/www.viavilla.mu\/fr\/wp-json\/wp\/v2\/types\/page"}],"author":[{"embeddable":true,"href":"https:\/\/www.viavilla.mu\/fr\/wp-json\/wp\/v2\/users\/1"}],"replies":[{"embeddable":true,"href":"https:\/\/www.viavilla.mu\/fr\/wp-json\/wp\/v2\/comments?post=1603"}],"version-history":[{"count":0,"href":"https:\/\/www.viavilla.mu\/fr\/wp-json\/wp\/v2\/pages\/1603\/revisions"}],"wp:attachment":[{"href":"https:\/\/www.viavilla.mu\/fr\/wp-json\/wp\/v2\/media?parent=1603"}],"curies":[{"name":"wp","href":"https:\/\/api.w.org\/{rel}","templated":true}]}}