{"id":1595,"date":"2023-09-18T13:51:23","date_gmt":"2023-09-18T09:51:23","guid":{"rendered":"https:\/\/www.viavilla.mu\/?page_id=1595"},"modified":"2023-10-03T00:05:33","modified_gmt":"2023-10-02T20:05:33","slug":"a-propos","status":"publish","type":"page","link":"https:\/\/www.viavilla.mu\/fr\/a-propos\/","title":{"rendered":"\u00c0 propos"},"content":{"rendered":"\t\t<div data-elementor-type=\"wp-page\" data-elementor-id=\"1595\" class=\"elementor elementor-1595 elementor-775\" data-elementor-post-type=\"page\">\n\t\t\t\t\t\t<section data-dce-background-overlay-color=\"#232323\" data-dce-background-image-url=\"https:\/\/www.viavilla.mu\/wp-content\/uploads\/2023\/09\/nordwood-themes-rXIju7adrps-unsplash-scaled.jpg\" class=\"elementor-section elementor-top-section elementor-element elementor-element-1e711c1 elementor-section-height-min-height elementor-section-stretched elementor-section-boxed elementor-section-height-default elementor-section-items-middle\" data-id=\"1e711c1\" data-element_type=\"section\" data-settings=\"{&quot;background_background&quot;:&quot;classic&quot;,&quot;stretch_section&quot;:&quot;section-stretched&quot;}\">\n\t\t\t\t\t\t\t<div class=\"elementor-background-overlay\"><\/div>\n\t\t\t\t\t\t\t<div class=\"elementor-container elementor-column-gap-default\">\n\t\t\t\t\t<div class=\"elementor-column elementor-col-100 elementor-top-column elementor-element elementor-element-ec0c521\" data-id=\"ec0c521\" data-element_type=\"column\">\n\t\t\t<div class=\"elementor-widget-wrap elementor-element-populated\">\n\t\t\t\t\t\t<div class=\"elementor-element elementor-element-c9ffd79 elementor-invisible elementor-widget elementor-widget-heading\" data-id=\"c9ffd79\" data-element_type=\"widget\" data-settings=\"{&quot;_animation&quot;:&quot;fadeInUp&quot;}\" data-widget_type=\"heading.default\">\n\t\t\t\t<div class=\"elementor-widget-container\">\n\t\t\t<h1 class=\"elementor-heading-title elementor-size-default\">En coulisses<\/h1>\t\t<\/div>\n\t\t\t\t<\/div>\n\t\t\t\t<div class=\"elementor-element elementor-element-e907613 elementor-invisible elementor-widget elementor-widget-heading\" data-id=\"e907613\" data-element_type=\"widget\" data-settings=\"{&quot;_animation&quot;:&quot;fadeInUp&quot;}\" data-widget_type=\"heading.default\">\n\t\t\t\t<div class=\"elementor-widget-container\">\n\t\t\t<h4 class=\"elementor-heading-title elementor-size-default\">NOTRE OBJECTIF EST DE FAIRE DE VOS VACANCES UN SOUVENIR M\u00e9MORABLE ET HEUREUX.<\/h4>\t\t<\/div>\n\t\t\t\t<\/div>\n\t\t\t\t\t<\/div>\n\t\t<\/div>\n\t\t\t\t\t<\/div>\n\t\t<\/section>\n\t\t\t\t<section class=\"elementor-section elementor-top-section elementor-element elementor-element-ad736d9 elementor-section-full_width elementor-section-height-default elementor-section-height-default\" data-id=\"ad736d9\" data-element_type=\"section\">\n\t\t\t\t\t\t<div class=\"elementor-container elementor-column-gap-default\">\n\t\t\t\t\t<div class=\"elementor-column elementor-col-100 elementor-top-column elementor-element elementor-element-fdcbea5\" data-id=\"fdcbea5\" data-element_type=\"column\">\n\t\t\t<div class=\"elementor-widget-wrap elementor-element-populated\">\n\t\t\t\t\t\t<section class=\"elementor-section elementor-inner-section elementor-element elementor-element-4707280 elementor-section-boxed elementor-section-height-default elementor-section-height-default\" data-id=\"4707280\" data-element_type=\"section\">\n\t\t\t\t\t\t<div class=\"elementor-container elementor-column-gap-default\">\n\t\t\t\t\t<div class=\"elementor-column elementor-col-100 elementor-inner-column elementor-element elementor-element-4b9f490\" data-id=\"4b9f490\" data-element_type=\"column\">\n\t\t\t<div class=\"elementor-widget-wrap elementor-element-populated\">\n\t\t\t\t\t\t<div class=\"elementor-element elementor-element-b0ca1d9 elementor-invisible elementor-widget elementor-widget-text-editor\" data-id=\"b0ca1d9\" data-element_type=\"widget\" data-settings=\"{&quot;_animation&quot;:&quot;fadeInUp&quot;}\" data-widget_type=\"text-editor.default\">\n\t\t\t\t<div class=\"elementor-widget-container\">\n\t\t\t\t\t\t\t<p>ViaVilla a \u00e9t\u00e9 cr\u00e9\u00e9e par deux fondateurs partageant une passion pour les voyages et le d\u00e9sir de cr\u00e9er des exp\u00e9riences uniques tant pour les voyageurs que pour les propri\u00e9taires. Des appartements confortables aux villas charmantes, ViaVilla vise \u00e0 offrir une gamme vari\u00e9e d\u2019h\u00e9bergements r\u00e9pondant \u00e0 diff\u00e9rentes pr\u00e9f\u00e9rences de voyage. Leur objectif est de connecter des personnes du monde entier et de leur offrir l\u2019opportunit\u00e9 de vivre des moments m\u00e9morables aussi bien en vacances, en voyage d\u2019affaires ou pour une expatriation.<\/p><p>Au coeur de la vision de ViaVilla se trouve la conviction que la d\u00e9couverte d\u2019une destination repr\u00e9sente bien plus qu\u2019un simple s\u00e9jour dans une chambre d\u2019h\u00f4tel. Nous nous engageons \u00e0 offrir des alternatives aux h\u00e9bergements traditionnels, en permettant aux voyageurs de s\u2019immerger dans la culture locale et de v\u00e9ritablement explorer les pays qu\u2019ils visitent.<\/p>\t\t\t\t\t\t<\/div>\n\t\t\t\t<\/div>\n\t\t\t\t\t<\/div>\n\t\t<\/div>\n\t\t\t\t\t<\/div>\n\t\t<\/section>\n\t\t\t\t<div class=\"elementor-element elementor-element-d8eb26a elementor-widget__width-auto elementor-absolute elementor-hidden-mobile dce_masking-none elementor-invisible elementor-widget elementor-widget-image\" data-id=\"d8eb26a\" data-element_type=\"widget\" data-settings=\"{&quot;_position&quot;:&quot;absolute&quot;,&quot;_animation&quot;:&quot;fadeIn&quot;}\" data-widget_type=\"image.default\">\n\t\t\t\t<div class=\"elementor-widget-container\">\n\t\t\t\t\t\t\t\t\t\t\t\t\t<img fetchpriority=\"high\" decoding=\"async\" width=\"977\" height=\"816\" src=\"https:\/\/www.viavilla.mu\/wp-content\/uploads\/2023\/09\/flowers-7.png\" class=\"attachment-full size-full wp-image-680\" alt=\"\" srcset=\"https:\/\/www.viavilla.mu\/wp-content\/uploads\/2023\/09\/flowers-7.png 977w, https:\/\/www.viavilla.mu\/wp-content\/uploads\/2023\/09\/flowers-7-300x251.png 300w, https:\/\/www.viavilla.mu\/wp-content\/uploads\/2023\/09\/flowers-7-768x641.png 768w\" sizes=\"(max-width: 977px) 100vw, 977px\" \/>\t\t\t\t\t\t\t\t\t\t\t\t\t<\/div>\n\t\t\t\t<\/div>\n\t\t\t\t<div class=\"elementor-element elementor-element-89c0876 elementor-widget__width-auto elementor-absolute elementor-hidden-mobile dce_masking-none elementor-invisible elementor-widget elementor-widget-image\" data-id=\"89c0876\" data-element_type=\"widget\" data-settings=\"{&quot;_position&quot;:&quot;absolute&quot;,&quot;_animation&quot;:&quot;fadeIn&quot;}\" data-widget_type=\"image.default\">\n\t\t\t\t<div class=\"elementor-widget-container\">\n\t\t\t\t\t\t\t\t\t\t\t\t\t<img decoding=\"async\" width=\"706\" height=\"702\" src=\"https:\/\/www.viavilla.mu\/wp-content\/uploads\/2023\/09\/flowers-4.png\" class=\"attachment-full size-full wp-image-676\" alt=\"\" srcset=\"https:\/\/www.viavilla.mu\/wp-content\/uploads\/2023\/09\/flowers-4.png 706w, https:\/\/www.viavilla.mu\/wp-content\/uploads\/2023\/09\/flowers-4-300x298.png 300w, https:\/\/www.viavilla.mu\/wp-content\/uploads\/2023\/09\/flowers-4-150x150.png 150w\" sizes=\"(max-width: 706px) 100vw, 706px\" \/>\t\t\t\t\t\t\t\t\t\t\t\t\t<\/div>\n\t\t\t\t<\/div>\n\t\t\t\t\t<\/div>\n\t\t<\/div>\n\t\t\t\t\t<\/div>\n\t\t<\/section>\n\t\t\t\t<section class=\"elementor-section elementor-top-section elementor-element elementor-element-853ee7c elementor-section-boxed elementor-section-height-default elementor-section-height-default\" data-id=\"853ee7c\" data-element_type=\"section\">\n\t\t\t\t\t\t<div class=\"elementor-container elementor-column-gap-default\">\n\t\t\t\t\t<div class=\"elementor-column elementor-col-100 elementor-top-column elementor-element elementor-element-c0293c0\" data-id=\"c0293c0\" data-element_type=\"column\">\n\t\t\t<div class=\"elementor-widget-wrap elementor-element-populated\">\n\t\t\t\t\t\t<div class=\"elementor-element elementor-element-0bea589 elementor-invisible elementor-widget elementor-widget-heading\" data-id=\"0bea589\" data-element_type=\"widget\" data-settings=\"{&quot;_animation&quot;:&quot;fadeInUp&quot;}\" data-widget_type=\"heading.default\">\n\t\t\t\t<div class=\"elementor-widget-container\">\n\t\t\t<h4 class=\"elementor-heading-title elementor-size-default\">Contactez nous<\/h4>\t\t<\/div>\n\t\t\t\t<\/div>\n\t\t\t\t<div class=\"elementor-element elementor-element-1d10d9a elementor-invisible elementor-widget elementor-widget-heading\" data-id=\"1d10d9a\" data-element_type=\"widget\" data-settings=\"{&quot;_animation&quot;:&quot;fadeInUp&quot;}\" data-widget_type=\"heading.default\">\n\t\t\t\t<div class=\"elementor-widget-container\">\n\t\t\t<h4 class=\"elementor-heading-title elementor-size-default\">POUR PLUS D'INFORMATIONS<br> SUR VOTRE LOCATION DE VACANCES \u00c0 L'\u00cele Maurice<\/h4>\t\t<\/div>\n\t\t\t\t<\/div>\n\t\t\t\t<div class=\"elementor-element elementor-element-79633ad elementor-view-default elementor-invisible elementor-widget elementor-widget-icon\" data-id=\"79633ad\" data-element_type=\"widget\" data-settings=\"{&quot;_animation&quot;:&quot;fadeInUp&quot;}\" data-widget_type=\"icon.default\">\n\t\t\t\t<div class=\"elementor-widget-container\">\n\t\t\t\t\t<div class=\"elementor-icon-wrapper\">\n\t\t\t<a class=\"elementor-icon\" href=\"\/fr\/contact#contactform\">\n\t\t\t<i aria-hidden=\"true\" class=\"far fa-envelope\"><\/i>\t\t\t<\/a>\n\t\t<\/div>\n\t\t\t\t<\/div>\n\t\t\t\t<\/div>\n\t\t\t\t\t<\/div>\n\t\t<\/div>\n\t\t\t\t\t<\/div>\n\t\t<\/section>\n\t\t\t\t<\/div>\n\t\t","protected":false},"excerpt":{"rendered":"<p>En coulisses NOTRE OBJECTIF EST DE FAIRE DE VOS VACANCES UN SOUVENIR M\u00e9MORABLE ET HEUREUX. ViaVilla a \u00e9t\u00e9 cr\u00e9\u00e9e par deux fondateurs partageant une passion pour les voyages et le d\u00e9sir de cr\u00e9er des exp\u00e9riences uniques tant pour les voyageurs que pour les propri\u00e9taires. Des appartements confortables aux villas charmantes, ViaVilla vise \u00e0 offrir une [&hellip;]<\/p>\n","protected":false},"author":1,"featured_media":0,"parent":0,"menu_order":0,"comment_status":"closed","ping_status":"closed","template":"elementor_header_footer","meta":{"_acf_changed":false,"footnotes":""},"class_list":["post-1595","page","type-page","status-publish","hentry"],"acf":[],"yoast_head":"<!-- This site is optimized with the Yoast SEO plugin v22.4 - https:\/\/yoast.com\/wordpress\/plugins\/seo\/ -->\n<title>\u00c0 propos - ViaVilla<\/title>\n<meta name=\"robots\" content=\"index, follow, max-snippet:-1, max-image-preview:large, max-video-preview:-1\" \/>\n<link rel=\"canonical\" href=\"https:\/\/www.viavilla.mu\/fr\/a-propos\/\" \/>\n<meta property=\"og:locale\" content=\"fr_FR\" \/>\n<meta property=\"og:type\" content=\"article\" \/>\n<meta property=\"og:title\" content=\"\u00c0 propos - ViaVilla\" \/>\n<meta property=\"og:description\" content=\"En coulisses NOTRE OBJECTIF EST DE FAIRE DE VOS VACANCES UN SOUVENIR M\u00e9MORABLE ET HEUREUX. ViaVilla a \u00e9t\u00e9 cr\u00e9\u00e9e par deux fondateurs partageant une passion pour les voyages et le d\u00e9sir de cr\u00e9er des exp\u00e9riences uniques tant pour les voyageurs que pour les propri\u00e9taires. Des appartements confortables aux villas charmantes, ViaVilla vise \u00e0 offrir une [&hellip;]\" \/>\n<meta property=\"og:url\" content=\"https:\/\/www.viavilla.mu\/fr\/a-propos\/\" \/>\n<meta property=\"og:site_name\" content=\"ViaVilla\" \/>\n<meta property=\"article:publisher\" content=\"https:\/\/www.facebook.com\/profile.php?id=61551384764422\" \/>\n<meta property=\"article:modified_time\" content=\"2023-10-02T20:05:33+00:00\" \/>\n<meta property=\"og:image\" content=\"https:\/\/www.viavilla.mu\/wp-content\/uploads\/2023\/09\/flowers-7.png\" \/>\n<meta name=\"twitter:card\" content=\"summary_large_image\" \/>\n<meta name=\"twitter:label1\" content=\"Dur\u00e9e de lecture estim\u00e9e\" \/>\n\t<meta name=\"twitter:data1\" content=\"2 minutes\" \/>\n<script type=\"application\/ld+json\" class=\"yoast-schema-graph\">{\"@context\":\"https:\/\/schema.org\",\"@graph\":[{\"@type\":\"WebPage\",\"@id\":\"https:\/\/www.viavilla.mu\/fr\/a-propos\/\",\"url\":\"https:\/\/www.viavilla.mu\/fr\/a-propos\/\",\"name\":\"\u00c0 propos - ViaVilla\",\"isPartOf\":{\"@id\":\"https:\/\/www.viavilla.mu\/fr\/#website\"},\"primaryImageOfPage\":{\"@id\":\"https:\/\/www.viavilla.mu\/fr\/a-propos\/#primaryimage\"},\"image\":{\"@id\":\"https:\/\/www.viavilla.mu\/fr\/a-propos\/#primaryimage\"},\"thumbnailUrl\":\"https:\/\/www.viavilla.mu\/wp-content\/uploads\/2023\/09\/flowers-7.png\",\"datePublished\":\"2023-09-18T09:51:23+00:00\",\"dateModified\":\"2023-10-02T20:05:33+00:00\",\"breadcrumb\":{\"@id\":\"https:\/\/www.viavilla.mu\/fr\/a-propos\/#breadcrumb\"},\"inLanguage\":\"fr-FR\",\"potentialAction\":[{\"@type\":\"ReadAction\",\"target\":[\"https:\/\/www.viavilla.mu\/fr\/a-propos\/\"]}]},{\"@type\":\"ImageObject\",\"inLanguage\":\"fr-FR\",\"@id\":\"https:\/\/www.viavilla.mu\/fr\/a-propos\/#primaryimage\",\"url\":\"https:\/\/www.viavilla.mu\/wp-content\/uploads\/2023\/09\/flowers-7.png\",\"contentUrl\":\"https:\/\/www.viavilla.mu\/wp-content\/uploads\/2023\/09\/flowers-7.png\"},{\"@type\":\"BreadcrumbList\",\"@id\":\"https:\/\/www.viavilla.mu\/fr\/a-propos\/#breadcrumb\",\"itemListElement\":[{\"@type\":\"ListItem\",\"position\":1,\"name\":\"Home\",\"item\":\"https:\/\/www.viavilla.mu\/fr\/\"},{\"@type\":\"ListItem\",\"position\":2,\"name\":\"\u00c0 propos\"}]},{\"@type\":\"WebSite\",\"@id\":\"https:\/\/www.viavilla.mu\/fr\/#website\",\"url\":\"https:\/\/www.viavilla.mu\/fr\/\",\"name\":\"ViaVilla\",\"description\":\"Crafting Your Dream Staystyle\",\"publisher\":{\"@id\":\"https:\/\/www.viavilla.mu\/fr\/#organization\"},\"potentialAction\":[{\"@type\":\"SearchAction\",\"target\":{\"@type\":\"EntryPoint\",\"urlTemplate\":\"https:\/\/www.viavilla.mu\/fr\/?s={search_term_string}\"},\"query-input\":\"required name=search_term_string\"}],\"inLanguage\":\"fr-FR\"},{\"@type\":\"Organization\",\"@id\":\"https:\/\/www.viavilla.mu\/fr\/#organization\",\"name\":\"ViaVilla\",\"url\":\"https:\/\/www.viavilla.mu\/fr\/\",\"logo\":{\"@type\":\"ImageObject\",\"inLanguage\":\"fr-FR\",\"@id\":\"https:\/\/www.viavilla.mu\/fr\/#\/schema\/logo\/image\/\",\"url\":\"https:\/\/www.viavilla.mu\/wp-content\/uploads\/2023\/09\/logo_VIAVILLA-01.png\",\"contentUrl\":\"https:\/\/www.viavilla.mu\/wp-content\/uploads\/2023\/09\/logo_VIAVILLA-01.png\",\"width\":1080,\"height\":790,\"caption\":\"ViaVilla\"},\"image\":{\"@id\":\"https:\/\/www.viavilla.mu\/fr\/#\/schema\/logo\/image\/\"},\"sameAs\":[\"https:\/\/www.facebook.com\/profile.php?id=61551384764422\",\"https:\/\/www.instagram.com\/viavilla1\/\"]}]}<\/script>\n<!-- \/ Yoast SEO plugin. -->","yoast_head_json":{"title":"\u00c0 propos - ViaVilla","robots":{"index":"index","follow":"follow","max-snippet":"max-snippet:-1","max-image-preview":"max-image-preview:large","max-video-preview":"max-video-preview:-1"},"canonical":"https:\/\/www.viavilla.mu\/fr\/a-propos\/","og_locale":"fr_FR","og_type":"article","og_title":"\u00c0 propos - ViaVilla","og_description":"En coulisses NOTRE OBJECTIF EST DE FAIRE DE VOS VACANCES UN SOUVENIR M\u00e9MORABLE ET HEUREUX. ViaVilla a \u00e9t\u00e9 cr\u00e9\u00e9e par deux fondateurs partageant une passion pour les voyages et le d\u00e9sir de cr\u00e9er des exp\u00e9riences uniques tant pour les voyageurs que pour les propri\u00e9taires. Des appartements confortables aux villas charmantes, ViaVilla vise \u00e0 offrir une [&hellip;]","og_url":"https:\/\/www.viavilla.mu\/fr\/a-propos\/","og_site_name":"ViaVilla","article_publisher":"https:\/\/www.facebook.com\/profile.php?id=61551384764422","article_modified_time":"2023-10-02T20:05:33+00:00","og_image":[{"url":"https:\/\/www.viavilla.mu\/wp-content\/uploads\/2023\/09\/flowers-7.png"}],"twitter_card":"summary_large_image","twitter_misc":{"Dur\u00e9e de lecture estim\u00e9e":"2 minutes"},"schema":{"@context":"https:\/\/schema.org","@graph":[{"@type":"WebPage","@id":"https:\/\/www.viavilla.mu\/fr\/a-propos\/","url":"https:\/\/www.viavilla.mu\/fr\/a-propos\/","name":"\u00c0 propos - ViaVilla","isPartOf":{"@id":"https:\/\/www.viavilla.mu\/fr\/#website"},"primaryImageOfPage":{"@id":"https:\/\/www.viavilla.mu\/fr\/a-propos\/#primaryimage"},"image":{"@id":"https:\/\/www.viavilla.mu\/fr\/a-propos\/#primaryimage"},"thumbnailUrl":"https:\/\/www.viavilla.mu\/wp-content\/uploads\/2023\/09\/flowers-7.png","datePublished":"2023-09-18T09:51:23+00:00","dateModified":"2023-10-02T20:05:33+00:00","breadcrumb":{"@id":"https:\/\/www.viavilla.mu\/fr\/a-propos\/#breadcrumb"},"inLanguage":"fr-FR","potentialAction":[{"@type":"ReadAction","target":["https:\/\/www.viavilla.mu\/fr\/a-propos\/"]}]},{"@type":"ImageObject","inLanguage":"fr-FR","@id":"https:\/\/www.viavilla.mu\/fr\/a-propos\/#primaryimage","url":"https:\/\/www.viavilla.mu\/wp-content\/uploads\/2023\/09\/flowers-7.png","contentUrl":"https:\/\/www.viavilla.mu\/wp-content\/uploads\/2023\/09\/flowers-7.png"},{"@type":"BreadcrumbList","@id":"https:\/\/www.viavilla.mu\/fr\/a-propos\/#breadcrumb","itemListElement":[{"@type":"ListItem","position":1,"name":"Home","item":"https:\/\/www.viavilla.mu\/fr\/"},{"@type":"ListItem","position":2,"name":"\u00c0 propos"}]},{"@type":"WebSite","@id":"https:\/\/www.viavilla.mu\/fr\/#website","url":"https:\/\/www.viavilla.mu\/fr\/","name":"ViaVilla","description":"Crafting Your Dream Staystyle","publisher":{"@id":"https:\/\/www.viavilla.mu\/fr\/#organization"},"potentialAction":[{"@type":"SearchAction","target":{"@type":"EntryPoint","urlTemplate":"https:\/\/www.viavilla.mu\/fr\/?s={search_term_string}"},"query-input":"required name=search_term_string"}],"inLanguage":"fr-FR"},{"@type":"Organization","@id":"https:\/\/www.viavilla.mu\/fr\/#organization","name":"ViaVilla","url":"https:\/\/www.viavilla.mu\/fr\/","logo":{"@type":"ImageObject","inLanguage":"fr-FR","@id":"https:\/\/www.viavilla.mu\/fr\/#\/schema\/logo\/image\/","url":"https:\/\/www.viavilla.mu\/wp-content\/uploads\/2023\/09\/logo_VIAVILLA-01.png","contentUrl":"https:\/\/www.viavilla.mu\/wp-content\/uploads\/2023\/09\/logo_VIAVILLA-01.png","width":1080,"height":790,"caption":"ViaVilla"},"image":{"@id":"https:\/\/www.viavilla.mu\/fr\/#\/schema\/logo\/image\/"},"sameAs":["https:\/\/www.facebook.com\/profile.php?id=61551384764422","https:\/\/www.instagram.com\/viavilla1\/"]}]}},"_links":{"self":[{"href":"https:\/\/www.viavilla.mu\/fr\/wp-json\/wp\/v2\/pages\/1595","targetHints":{"allow":["GET"]}}],"collection":[{"href":"https:\/\/www.viavilla.mu\/fr\/wp-json\/wp\/v2\/pages"}],"about":[{"href":"https:\/\/www.viavilla.mu\/fr\/wp-json\/wp\/v2\/types\/page"}],"author":[{"embeddable":true,"href":"https:\/\/www.viavilla.mu\/fr\/wp-json\/wp\/v2\/users\/1"}],"replies":[{"embeddable":true,"href":"https:\/\/www.viavilla.mu\/fr\/wp-json\/wp\/v2\/comments?post=1595"}],"version-history":[{"count":3,"href":"https:\/\/www.viavilla.mu\/fr\/wp-json\/wp\/v2\/pages\/1595\/revisions"}],"predecessor-version":[{"id":2041,"href":"https:\/\/www.viavilla.mu\/fr\/wp-json\/wp\/v2\/pages\/1595\/revisions\/2041"}],"wp:attachment":[{"href":"https:\/\/www.viavilla.mu\/fr\/wp-json\/wp\/v2\/media?parent=1595"}],"curies":[{"name":"wp","href":"https:\/\/api.w.org\/{rel}","templated":true}]}}