{"id":1522,"date":"2023-09-26T02:03:26","date_gmt":"2023-09-25T22:03:26","guid":{"rendered":"https:\/\/www.viavilla.mu\/nos-services\/"},"modified":"2023-10-04T11:04:12","modified_gmt":"2023-10-04T07:04:12","slug":"nos-services","status":"publish","type":"page","link":"https:\/\/www.viavilla.mu\/fr\/nos-services\/","title":{"rendered":"Nos services"},"content":{"rendered":"\t\t<div data-elementor-type=\"wp-page\" data-elementor-id=\"1522\" class=\"elementor elementor-1522 elementor-1271\" data-elementor-post-type=\"page\">\n\t\t\t\t\t\t<section data-dce-background-overlay-color=\"#232323\" data-dce-background-image-url=\"https:\/\/www.viavilla.mu\/wp-content\/uploads\/2023\/09\/Mosaique-7-scaled.jpg\" class=\"elementor-section elementor-top-section elementor-element elementor-element-1e711c1 elementor-section-height-min-height elementor-section-stretched elementor-section-boxed elementor-section-height-default elementor-section-items-middle\" data-id=\"1e711c1\" data-element_type=\"section\" data-settings=\"{&quot;background_background&quot;:&quot;classic&quot;,&quot;stretch_section&quot;:&quot;section-stretched&quot;}\">\n\t\t\t\t\t\t\t<div class=\"elementor-background-overlay\"><\/div>\n\t\t\t\t\t\t\t<div class=\"elementor-container elementor-column-gap-default\">\n\t\t\t\t\t<div class=\"elementor-column elementor-col-100 elementor-top-column elementor-element elementor-element-ec0c521\" data-id=\"ec0c521\" data-element_type=\"column\">\n\t\t\t<div class=\"elementor-widget-wrap elementor-element-populated\">\n\t\t\t\t\t\t<div class=\"elementor-element elementor-element-c9ffd79 elementor-invisible elementor-widget elementor-widget-heading\" data-id=\"c9ffd79\" data-element_type=\"widget\" data-settings=\"{&quot;_animation&quot;:&quot;fadeInUp&quot;}\" data-widget_type=\"heading.default\">\n\t\t\t\t<div class=\"elementor-widget-container\">\n\t\t\t<h1 class=\"elementor-heading-title elementor-size-default\">Nos services<\/h1>\t\t<\/div>\n\t\t\t\t<\/div>\n\t\t\t\t<div class=\"elementor-element elementor-element-e907613 elementor-invisible elementor-widget elementor-widget-heading\" data-id=\"e907613\" data-element_type=\"widget\" data-settings=\"{&quot;_animation&quot;:&quot;fadeInUp&quot;}\" data-widget_type=\"heading.default\">\n\t\t\t\t<div class=\"elementor-widget-container\">\n\t\t\t<h4 class=\"elementor-heading-title elementor-size-default\">DONNONS VIE \u00c0 VOTRE \u00ab STAYSTYLE \u00bb<\/h4>\t\t<\/div>\n\t\t\t\t<\/div>\n\t\t\t\t\t<\/div>\n\t\t<\/div>\n\t\t\t\t\t<\/div>\n\t\t<\/section>\n\t\t\t\t<section class=\"elementor-section elementor-top-section elementor-element elementor-element-ad736d9 elementor-section-boxed elementor-section-height-default elementor-section-height-default\" data-id=\"ad736d9\" data-element_type=\"section\">\n\t\t\t\t\t\t<div class=\"elementor-container elementor-column-gap-default\">\n\t\t\t\t\t<div class=\"elementor-column elementor-col-100 elementor-top-column elementor-element elementor-element-fdcbea5\" data-id=\"fdcbea5\" data-element_type=\"column\">\n\t\t\t<div class=\"elementor-widget-wrap elementor-element-populated\">\n\t\t\t\t\t\t<section class=\"elementor-section elementor-inner-section elementor-element elementor-element-a3de234 elementor-section-boxed elementor-section-height-default elementor-section-height-default\" data-id=\"a3de234\" data-element_type=\"section\">\n\t\t\t\t\t\t<div class=\"elementor-container elementor-column-gap-default\">\n\t\t\t\t\t<div class=\"elementor-column elementor-col-50 elementor-inner-column elementor-element elementor-element-d95e149\" data-id=\"d95e149\" data-element_type=\"column\">\n\t\t\t<div class=\"elementor-widget-wrap elementor-element-populated\">\n\t\t\t\t\t\t<div class=\"elementor-element elementor-element-32bd782 elementor-widget elementor-widget-heading\" data-id=\"32bd782\" data-element_type=\"widget\" data-widget_type=\"heading.default\">\n\t\t\t\t<div class=\"elementor-widget-container\">\n\t\t\t<h2 class=\"elementor-heading-title elementor-size-default\">1<\/h2>\t\t<\/div>\n\t\t\t\t<\/div>\n\t\t\t\t<div class=\"elementor-element elementor-element-8080227 elementor-widget elementor-widget-heading\" data-id=\"8080227\" data-element_type=\"widget\" data-widget_type=\"heading.default\">\n\t\t\t\t<div class=\"elementor-widget-container\">\n\t\t\t<h3 class=\"elementor-heading-title elementor-size-default\">AVANT VOTRE ARRIV\u00c9E<\/h3>\t\t<\/div>\n\t\t\t\t<\/div>\n\t\t\t\t<div class=\"elementor-element elementor-element-b0ca1d9 elementor-invisible elementor-widget elementor-widget-text-editor\" data-id=\"b0ca1d9\" data-element_type=\"widget\" data-settings=\"{&quot;_animation&quot;:&quot;fadeInUp&quot;}\" data-widget_type=\"text-editor.default\">\n\t\t\t\t<div class=\"elementor-widget-container\">\n\t\t\t\t\t\t\t<p>Nous prenons le temps d\u2019apprendre \u00e0 vous conna\u00eetre afin de comprendre quels sont vos d\u00e9sirs et mieux cerner votre type de personnalit\u00e9.<\/p>\t\t\t\t\t\t<\/div>\n\t\t\t\t<\/div>\n\t\t\t\t\t<\/div>\n\t\t<\/div>\n\t\t\t\t<div class=\"elementor-column elementor-col-50 elementor-inner-column elementor-element elementor-element-c0c9425\" data-id=\"c0c9425\" data-element_type=\"column\">\n\t\t\t<div class=\"elementor-widget-wrap\">\n\t\t\t\t\t\t\t<\/div>\n\t\t<\/div>\n\t\t\t\t\t<\/div>\n\t\t<\/section>\n\t\t\t\t<section class=\"elementor-section elementor-inner-section elementor-element elementor-element-ce3e909 elementor-section-boxed elementor-section-height-default elementor-section-height-default\" data-id=\"ce3e909\" data-element_type=\"section\">\n\t\t\t\t\t\t<div class=\"elementor-container elementor-column-gap-default\">\n\t\t\t\t\t<div class=\"elementor-column elementor-col-50 elementor-inner-column elementor-element elementor-element-062ad82\" data-id=\"062ad82\" data-element_type=\"column\">\n\t\t\t<div class=\"elementor-widget-wrap\">\n\t\t\t\t\t\t\t<\/div>\n\t\t<\/div>\n\t\t\t\t<div class=\"elementor-column elementor-col-50 elementor-inner-column elementor-element elementor-element-96ac4a3\" data-id=\"96ac4a3\" data-element_type=\"column\">\n\t\t\t<div class=\"elementor-widget-wrap elementor-element-populated\">\n\t\t\t\t\t\t<div class=\"elementor-element elementor-element-032580b elementor-widget elementor-widget-heading\" data-id=\"032580b\" data-element_type=\"widget\" data-widget_type=\"heading.default\">\n\t\t\t\t<div class=\"elementor-widget-container\">\n\t\t\t<h2 class=\"elementor-heading-title elementor-size-default\">2<\/h2>\t\t<\/div>\n\t\t\t\t<\/div>\n\t\t\t\t<div class=\"elementor-element elementor-element-d47da28 elementor-widget elementor-widget-heading\" data-id=\"d47da28\" data-element_type=\"widget\" data-widget_type=\"heading.default\">\n\t\t\t\t<div class=\"elementor-widget-container\">\n\t\t\t<h3 class=\"elementor-heading-title elementor-size-default\">ARRIV\u00c9E<\/h3>\t\t<\/div>\n\t\t\t\t<\/div>\n\t\t\t\t<div class=\"elementor-element elementor-element-c499022 elementor-invisible elementor-widget elementor-widget-text-editor\" data-id=\"c499022\" data-element_type=\"widget\" data-settings=\"{&quot;_animation&quot;:&quot;fadeInUp&quot;}\" data-widget_type=\"text-editor.default\">\n\t\t\t\t<div class=\"elementor-widget-container\">\n\t\t\t\t\t\t\t<p>Notre \u00e9quipe d\u2019experts vous assiste 24 heures sur 24 pour r\u00e9pondre \u00e0 toutes vos pr\u00e9f\u00e9rences de voyage. Nous adaptons nos services pour satisfaire vos besoins d\u00e8s votre arriv\u00e9e.<\/p>\t\t\t\t\t\t<\/div>\n\t\t\t\t<\/div>\n\t\t\t\t\t<\/div>\n\t\t<\/div>\n\t\t\t\t\t<\/div>\n\t\t<\/section>\n\t\t\t\t<section class=\"elementor-section elementor-inner-section elementor-element elementor-element-e4d1703 elementor-section-boxed elementor-section-height-default elementor-section-height-default\" data-id=\"e4d1703\" data-element_type=\"section\">\n\t\t\t\t\t\t<div class=\"elementor-container elementor-column-gap-default\">\n\t\t\t\t\t<div class=\"elementor-column elementor-col-50 elementor-inner-column elementor-element elementor-element-71caa22\" data-id=\"71caa22\" data-element_type=\"column\">\n\t\t\t<div class=\"elementor-widget-wrap elementor-element-populated\">\n\t\t\t\t\t\t<div class=\"elementor-element elementor-element-fa4c201 elementor-widget elementor-widget-heading\" data-id=\"fa4c201\" data-element_type=\"widget\" data-widget_type=\"heading.default\">\n\t\t\t\t<div class=\"elementor-widget-container\">\n\t\t\t<h2 class=\"elementor-heading-title elementor-size-default\">3<\/h2>\t\t<\/div>\n\t\t\t\t<\/div>\n\t\t\t\t<div class=\"elementor-element elementor-element-3f3ce96 elementor-widget elementor-widget-heading\" data-id=\"3f3ce96\" data-element_type=\"widget\" data-widget_type=\"heading.default\">\n\t\t\t\t<div class=\"elementor-widget-container\">\n\t\t\t<h3 class=\"elementor-heading-title elementor-size-default\">D\u00c9TENDEZ-VOUS ! VOUS \u00caTES EN VACANCE<\/h3>\t\t<\/div>\n\t\t\t\t<\/div>\n\t\t\t\t<div class=\"elementor-element elementor-element-24f0b9c elementor-invisible elementor-widget elementor-widget-text-editor\" data-id=\"24f0b9c\" data-element_type=\"widget\" data-settings=\"{&quot;_animation&quot;:&quot;fadeInUp&quot;}\" data-widget_type=\"text-editor.default\">\n\t\t\t\t<div class=\"elementor-widget-container\">\n\t\t\t\t\t\t\t<p>Notre personnel d\u2019entretien veille \u00e0 la propret\u00e9 et la maintenance de votre \u00ab chez-vous mauricien \u00bb. Ils prennent soin de votre havre de paix et r\u00e9pondent \u00e0 vos demandes avec discernement et discr\u00e9tion.<\/p>\t\t\t\t\t\t<\/div>\n\t\t\t\t<\/div>\n\t\t\t\t\t<\/div>\n\t\t<\/div>\n\t\t\t\t<div class=\"elementor-column elementor-col-50 elementor-inner-column elementor-element elementor-element-86d6a93\" data-id=\"86d6a93\" data-element_type=\"column\">\n\t\t\t<div class=\"elementor-widget-wrap\">\n\t\t\t\t\t\t\t<\/div>\n\t\t<\/div>\n\t\t\t\t\t<\/div>\n\t\t<\/section>\n\t\t\t\t\t<\/div>\n\t\t<\/div>\n\t\t\t\t\t<\/div>\n\t\t<\/section>\n\t\t\t\t<section class=\"elementor-section elementor-top-section elementor-element elementor-element-bed1a01 elementor-section-boxed elementor-section-height-default elementor-section-height-default\" data-id=\"bed1a01\" data-element_type=\"section\">\n\t\t\t\t\t\t<div class=\"elementor-container elementor-column-gap-default\">\n\t\t\t\t\t<div class=\"elementor-column elementor-col-100 elementor-top-column elementor-element elementor-element-4b5ef01\" data-id=\"4b5ef01\" data-element_type=\"column\">\n\t\t\t<div class=\"elementor-widget-wrap elementor-element-populated\">\n\t\t\t\t\t\t<section class=\"elementor-section elementor-inner-section elementor-element elementor-element-7e83811 elementor-section-boxed elementor-section-height-default elementor-section-height-default\" data-id=\"7e83811\" data-element_type=\"section\">\n\t\t\t\t\t\t<div class=\"elementor-container elementor-column-gap-default\">\n\t\t\t\t\t<div class=\"elementor-column elementor-col-100 elementor-inner-column elementor-element elementor-element-7c497c9\" data-id=\"7c497c9\" data-element_type=\"column\">\n\t\t\t<div class=\"elementor-widget-wrap elementor-element-populated\">\n\t\t\t\t\t\t<div class=\"elementor-element elementor-element-0c0ad01 elementor-widget elementor-widget-heading\" data-id=\"0c0ad01\" data-element_type=\"widget\" data-widget_type=\"heading.default\">\n\t\t\t\t<div class=\"elementor-widget-container\">\n\t\t\t<h4 class=\"elementor-heading-title elementor-size-default\">D\u00e9couvrez l'exp\u00e9rience viavilla<\/h4>\t\t<\/div>\n\t\t\t\t<\/div>\n\t\t\t\t<div class=\"elementor-element elementor-element-6a1fde3 elementor-align-center elementor-invisible elementor-widget elementor-widget-button\" data-id=\"6a1fde3\" data-element_type=\"widget\" data-settings=\"{&quot;_animation&quot;:&quot;fadeInUp&quot;}\" data-widget_type=\"button.default\">\n\t\t\t\t<div class=\"elementor-widget-container\">\n\t\t\t\t\t<div class=\"elementor-button-wrapper\">\n\t\t\t<a class=\"elementor-button elementor-button-link elementor-size-sm\" href=\"https:\/\/www.viavilla.mu\/wp-content\/uploads\/2023\/10\/ViaVilla-Plaquette-Francaise-1.pdf\" download=\"\">\n\t\t\t\t\t\t<span class=\"elementor-button-content-wrapper\">\n\t\t\t\t\t\t<span class=\"elementor-button-text\">T\u00e9l\u00e9chargez notre Brochure<\/span>\n\t\t<\/span>\n\t\t\t\t\t<\/a>\n\t\t<\/div>\n\t\t\t\t<\/div>\n\t\t\t\t<\/div>\n\t\t\t\t\t<\/div>\n\t\t<\/div>\n\t\t\t\t\t<\/div>\n\t\t<\/section>\n\t\t\t\t\t<\/div>\n\t\t<\/div>\n\t\t\t\t\t<\/div>\n\t\t<\/section>\n\t\t\t\t<section class=\"elementor-section elementor-top-section elementor-element elementor-element-e32a18a elementor-section-boxed elementor-section-height-default elementor-section-height-default\" data-id=\"e32a18a\" data-element_type=\"section\">\n\t\t\t\t\t\t<div class=\"elementor-container elementor-column-gap-default\">\n\t\t\t\t\t<div class=\"elementor-column elementor-col-100 elementor-top-column elementor-element elementor-element-5d38bc9\" data-id=\"5d38bc9\" data-element_type=\"column\">\n\t\t\t<div class=\"elementor-widget-wrap elementor-element-populated\">\n\t\t\t\t\t\t<div class=\"elementor-element elementor-element-0e0dcb6 elementor-invisible elementor-widget elementor-widget-heading\" data-id=\"0e0dcb6\" data-element_type=\"widget\" data-settings=\"{&quot;_animation&quot;:&quot;fadeInUp&quot;}\" data-widget_type=\"heading.default\">\n\t\t\t\t<div class=\"elementor-widget-container\">\n\t\t\t<h4 class=\"elementor-heading-title elementor-size-default\">Contactez nous<\/h4>\t\t<\/div>\n\t\t\t\t<\/div>\n\t\t\t\t<div class=\"elementor-element elementor-element-bb6333d elementor-invisible elementor-widget elementor-widget-heading\" data-id=\"bb6333d\" data-element_type=\"widget\" data-settings=\"{&quot;_animation&quot;:&quot;fadeInUp&quot;}\" data-widget_type=\"heading.default\">\n\t\t\t\t<div class=\"elementor-widget-container\">\n\t\t\t<h4 class=\"elementor-heading-title elementor-size-default\">POUR PLUS D'INFORMATIONS<br> SUR VOTRE LOCATION DE VACANCES \u00c0 L'\u00cele Maurice<\/h4>\t\t<\/div>\n\t\t\t\t<\/div>\n\t\t\t\t<div class=\"elementor-element elementor-element-45dc13e elementor-view-default elementor-invisible elementor-widget elementor-widget-icon\" data-id=\"45dc13e\" data-element_type=\"widget\" data-settings=\"{&quot;_animation&quot;:&quot;fadeInUp&quot;}\" data-widget_type=\"icon.default\">\n\t\t\t\t<div class=\"elementor-widget-container\">\n\t\t\t\t\t<div class=\"elementor-icon-wrapper\">\n\t\t\t<a class=\"elementor-icon\" href=\"\/fr\/contact#contactform\">\n\t\t\t<i aria-hidden=\"true\" class=\"far fa-envelope\"><\/i>\t\t\t<\/a>\n\t\t<\/div>\n\t\t\t\t<\/div>\n\t\t\t\t<\/div>\n\t\t\t\t\t<\/div>\n\t\t<\/div>\n\t\t\t\t\t<\/div>\n\t\t<\/section>\n\t\t\t\t<\/div>\n\t\t","protected":false},"excerpt":{"rendered":"<p>DONNONS VIE \u00c0 VOTRE \u00ab STAYSTYLE \u00bb 1 AVANT VOTRE ARRIV\u00c9E Nous prenons le temps d\u2019apprendre \u00e0 vous conna\u00eetre afin de comprendre quels sont vos d\u00e9sirs et mieux cerner votre type de personnalit\u00e9. 2 ARRIV\u00c9E Notre \u00e9quipe d\u2019experts vous assiste 24 heures sur 24 pour r\u00e9pondre \u00e0 toutes vos pr\u00e9f\u00e9rences de voyage. Nous adaptons nos [&hellip;]<\/p>\n","protected":false},"author":1,"featured_media":0,"parent":0,"menu_order":0,"comment_status":"closed","ping_status":"closed","template":"elementor_header_footer","meta":{"_acf_changed":false,"footnotes":""},"class_list":["post-1522","page","type-page","status-publish","hentry"],"acf":[],"yoast_head":"<!-- This site is optimized with the Yoast SEO plugin v22.4 - https:\/\/yoast.com\/wordpress\/plugins\/seo\/ -->\n<title>Nos services - ViaVilla<\/title>\n<meta name=\"robots\" content=\"index, follow, max-snippet:-1, max-image-preview:large, max-video-preview:-1\" \/>\n<link rel=\"canonical\" href=\"https:\/\/www.viavilla.mu\/fr\/nos-services\/\" \/>\n<meta property=\"og:locale\" content=\"fr_FR\" \/>\n<meta property=\"og:type\" content=\"article\" \/>\n<meta property=\"og:title\" content=\"Nos services - ViaVilla\" \/>\n<meta property=\"og:description\" content=\"DONNONS VIE \u00c0 VOTRE \u00ab STAYSTYLE \u00bb 1 AVANT VOTRE ARRIV\u00c9E Nous prenons le temps d\u2019apprendre \u00e0 vous conna\u00eetre afin de comprendre quels sont vos d\u00e9sirs et mieux cerner votre type de personnalit\u00e9. 2 ARRIV\u00c9E Notre \u00e9quipe d\u2019experts vous assiste 24 heures sur 24 pour r\u00e9pondre \u00e0 toutes vos pr\u00e9f\u00e9rences de voyage. Nous adaptons nos [&hellip;]\" \/>\n<meta property=\"og:url\" content=\"https:\/\/www.viavilla.mu\/fr\/nos-services\/\" \/>\n<meta property=\"og:site_name\" content=\"ViaVilla\" \/>\n<meta property=\"article:publisher\" content=\"https:\/\/www.facebook.com\/profile.php?id=61551384764422\" \/>\n<meta property=\"article:modified_time\" content=\"2023-10-04T07:04:12+00:00\" \/>\n<meta property=\"og:image\" content=\"https:\/\/www.viavilla.mu\/wp-content\/uploads\/2023\/09\/logo_VIAVILLA-01.png\" \/>\n\t<meta property=\"og:image:width\" content=\"1080\" \/>\n\t<meta property=\"og:image:height\" content=\"790\" \/>\n\t<meta property=\"og:image:type\" content=\"image\/png\" \/>\n<meta name=\"twitter:card\" content=\"summary_large_image\" \/>\n<meta name=\"twitter:label1\" content=\"Dur\u00e9e de lecture estim\u00e9e\" \/>\n\t<meta name=\"twitter:data1\" content=\"1 minute\" \/>\n<script type=\"application\/ld+json\" class=\"yoast-schema-graph\">{\"@context\":\"https:\/\/schema.org\",\"@graph\":[{\"@type\":\"WebPage\",\"@id\":\"https:\/\/www.viavilla.mu\/fr\/nos-services\/\",\"url\":\"https:\/\/www.viavilla.mu\/fr\/nos-services\/\",\"name\":\"Nos services - ViaVilla\",\"isPartOf\":{\"@id\":\"https:\/\/www.viavilla.mu\/fr\/#website\"},\"datePublished\":\"2023-09-25T22:03:26+00:00\",\"dateModified\":\"2023-10-04T07:04:12+00:00\",\"breadcrumb\":{\"@id\":\"https:\/\/www.viavilla.mu\/fr\/nos-services\/#breadcrumb\"},\"inLanguage\":\"fr-FR\",\"potentialAction\":[{\"@type\":\"ReadAction\",\"target\":[\"https:\/\/www.viavilla.mu\/fr\/nos-services\/\"]}]},{\"@type\":\"BreadcrumbList\",\"@id\":\"https:\/\/www.viavilla.mu\/fr\/nos-services\/#breadcrumb\",\"itemListElement\":[{\"@type\":\"ListItem\",\"position\":1,\"name\":\"Home\",\"item\":\"https:\/\/www.viavilla.mu\/fr\/\"},{\"@type\":\"ListItem\",\"position\":2,\"name\":\"Nos services\"}]},{\"@type\":\"WebSite\",\"@id\":\"https:\/\/www.viavilla.mu\/fr\/#website\",\"url\":\"https:\/\/www.viavilla.mu\/fr\/\",\"name\":\"ViaVilla\",\"description\":\"Crafting Your Dream Staystyle\",\"publisher\":{\"@id\":\"https:\/\/www.viavilla.mu\/fr\/#organization\"},\"potentialAction\":[{\"@type\":\"SearchAction\",\"target\":{\"@type\":\"EntryPoint\",\"urlTemplate\":\"https:\/\/www.viavilla.mu\/fr\/?s={search_term_string}\"},\"query-input\":\"required name=search_term_string\"}],\"inLanguage\":\"fr-FR\"},{\"@type\":\"Organization\",\"@id\":\"https:\/\/www.viavilla.mu\/fr\/#organization\",\"name\":\"ViaVilla\",\"url\":\"https:\/\/www.viavilla.mu\/fr\/\",\"logo\":{\"@type\":\"ImageObject\",\"inLanguage\":\"fr-FR\",\"@id\":\"https:\/\/www.viavilla.mu\/fr\/#\/schema\/logo\/image\/\",\"url\":\"https:\/\/www.viavilla.mu\/wp-content\/uploads\/2023\/09\/logo_VIAVILLA-01.png\",\"contentUrl\":\"https:\/\/www.viavilla.mu\/wp-content\/uploads\/2023\/09\/logo_VIAVILLA-01.png\",\"width\":1080,\"height\":790,\"caption\":\"ViaVilla\"},\"image\":{\"@id\":\"https:\/\/www.viavilla.mu\/fr\/#\/schema\/logo\/image\/\"},\"sameAs\":[\"https:\/\/www.facebook.com\/profile.php?id=61551384764422\",\"https:\/\/www.instagram.com\/viavilla1\/\"]}]}<\/script>\n<!-- \/ Yoast SEO plugin. -->","yoast_head_json":{"title":"Nos services - ViaVilla","robots":{"index":"index","follow":"follow","max-snippet":"max-snippet:-1","max-image-preview":"max-image-preview:large","max-video-preview":"max-video-preview:-1"},"canonical":"https:\/\/www.viavilla.mu\/fr\/nos-services\/","og_locale":"fr_FR","og_type":"article","og_title":"Nos services - ViaVilla","og_description":"DONNONS VIE \u00c0 VOTRE \u00ab STAYSTYLE \u00bb 1 AVANT VOTRE ARRIV\u00c9E Nous prenons le temps d\u2019apprendre \u00e0 vous conna\u00eetre afin de comprendre quels sont vos d\u00e9sirs et mieux cerner votre type de personnalit\u00e9. 2 ARRIV\u00c9E Notre \u00e9quipe d\u2019experts vous assiste 24 heures sur 24 pour r\u00e9pondre \u00e0 toutes vos pr\u00e9f\u00e9rences de voyage. Nous adaptons nos [&hellip;]","og_url":"https:\/\/www.viavilla.mu\/fr\/nos-services\/","og_site_name":"ViaVilla","article_publisher":"https:\/\/www.facebook.com\/profile.php?id=61551384764422","article_modified_time":"2023-10-04T07:04:12+00:00","og_image":[{"width":1080,"height":790,"url":"https:\/\/www.viavilla.mu\/wp-content\/uploads\/2023\/09\/logo_VIAVILLA-01.png","type":"image\/png"}],"twitter_card":"summary_large_image","twitter_misc":{"Dur\u00e9e de lecture estim\u00e9e":"1 minute"},"schema":{"@context":"https:\/\/schema.org","@graph":[{"@type":"WebPage","@id":"https:\/\/www.viavilla.mu\/fr\/nos-services\/","url":"https:\/\/www.viavilla.mu\/fr\/nos-services\/","name":"Nos services - ViaVilla","isPartOf":{"@id":"https:\/\/www.viavilla.mu\/fr\/#website"},"datePublished":"2023-09-25T22:03:26+00:00","dateModified":"2023-10-04T07:04:12+00:00","breadcrumb":{"@id":"https:\/\/www.viavilla.mu\/fr\/nos-services\/#breadcrumb"},"inLanguage":"fr-FR","potentialAction":[{"@type":"ReadAction","target":["https:\/\/www.viavilla.mu\/fr\/nos-services\/"]}]},{"@type":"BreadcrumbList","@id":"https:\/\/www.viavilla.mu\/fr\/nos-services\/#breadcrumb","itemListElement":[{"@type":"ListItem","position":1,"name":"Home","item":"https:\/\/www.viavilla.mu\/fr\/"},{"@type":"ListItem","position":2,"name":"Nos services"}]},{"@type":"WebSite","@id":"https:\/\/www.viavilla.mu\/fr\/#website","url":"https:\/\/www.viavilla.mu\/fr\/","name":"ViaVilla","description":"Crafting Your Dream Staystyle","publisher":{"@id":"https:\/\/www.viavilla.mu\/fr\/#organization"},"potentialAction":[{"@type":"SearchAction","target":{"@type":"EntryPoint","urlTemplate":"https:\/\/www.viavilla.mu\/fr\/?s={search_term_string}"},"query-input":"required name=search_term_string"}],"inLanguage":"fr-FR"},{"@type":"Organization","@id":"https:\/\/www.viavilla.mu\/fr\/#organization","name":"ViaVilla","url":"https:\/\/www.viavilla.mu\/fr\/","logo":{"@type":"ImageObject","inLanguage":"fr-FR","@id":"https:\/\/www.viavilla.mu\/fr\/#\/schema\/logo\/image\/","url":"https:\/\/www.viavilla.mu\/wp-content\/uploads\/2023\/09\/logo_VIAVILLA-01.png","contentUrl":"https:\/\/www.viavilla.mu\/wp-content\/uploads\/2023\/09\/logo_VIAVILLA-01.png","width":1080,"height":790,"caption":"ViaVilla"},"image":{"@id":"https:\/\/www.viavilla.mu\/fr\/#\/schema\/logo\/image\/"},"sameAs":["https:\/\/www.facebook.com\/profile.php?id=61551384764422","https:\/\/www.instagram.com\/viavilla1\/"]}]}},"_links":{"self":[{"href":"https:\/\/www.viavilla.mu\/fr\/wp-json\/wp\/v2\/pages\/1522","targetHints":{"allow":["GET"]}}],"collection":[{"href":"https:\/\/www.viavilla.mu\/fr\/wp-json\/wp\/v2\/pages"}],"about":[{"href":"https:\/\/www.viavilla.mu\/fr\/wp-json\/wp\/v2\/types\/page"}],"author":[{"embeddable":true,"href":"https:\/\/www.viavilla.mu\/fr\/wp-json\/wp\/v2\/users\/1"}],"replies":[{"embeddable":true,"href":"https:\/\/www.viavilla.mu\/fr\/wp-json\/wp\/v2\/comments?post=1522"}],"version-history":[{"count":3,"href":"https:\/\/www.viavilla.mu\/fr\/wp-json\/wp\/v2\/pages\/1522\/revisions"}],"predecessor-version":[{"id":2059,"href":"https:\/\/www.viavilla.mu\/fr\/wp-json\/wp\/v2\/pages\/1522\/revisions\/2059"}],"wp:attachment":[{"href":"https:\/\/www.viavilla.mu\/fr\/wp-json\/wp\/v2\/media?parent=1522"}],"curies":[{"name":"wp","href":"https:\/\/api.w.org\/{rel}","templated":true}]}}